{"id":785,"date":"2020-12-06T00:29:56","date_gmt":"2020-12-05T23:29:56","guid":{"rendered":"https:\/\/cilaj-energi.dk\/fortrolighedserklaering-eu\/"},"modified":"2020-12-06T01:31:01","modified_gmt":"2020-12-06T00:31:01","slug":"datenschutzerklaerung-eu","status":"publish","type":"page","link":"https:\/\/cilaj-energi.dk\/de\/datenschutzerklaerung-eu\/","title":{"rendered":"Datenschutzerkl\u00e4rung (EU)"},"content":{"rendered":"<h1>Datenschutzerkl\u00e4rung (EU)<\/h1>\n\n\n<!-- Legal document generated by Complianz | GDPR\/CCPA Cookie Consent https:\/\/wordpress.org\/plugins\/complianz-gdpr -->\n<div id=\"cmplz-document\" class=\"cmplz-document privacy-statement cmplz-document-eu\"><p><i>Diese Datenschutzerkl\u00e4rung wurde zuletzt am 1. August 2022 aktualisiert und gilt f\u00fcr B\u00fcrger und Personen mit st\u00e4ndigem Wohnsitz im Europ\u00e4ischen Wirtschaftsraum und der Schweiz.<\/i><br \/><br \/><\/p><p><p>In dieser Datenschutzerkl\u00e4rung erkl\u00e4ren wir, was wir mit den Daten, die wir \u00fcber dich via <a href=\"https:\/\/cilaj-energi.dk\/de\/\">https:\/\/cilaj-energi.dk\/de\/<\/a> gesammelt haben, tun. Wir empfehlen dir, dieses Dokument sorgf\u00e4ltig zu lesen. W\u00e4hrend unserer Verarbeitung entsprechen wir den gesetzlichen Anforderungen. Dies bedeutet unter anderem:<\/p><ul>\n                <li>Wir geben klar die Zwecke f\u00fcr die wir pers\u00f6nliche Daten verarbeiten, an. Dies geschieht durch diese Datenschutzerkl\u00e4rung.<\/li>\n                <li>Wir zielen darauf ab, unsere Sammlung von pers\u00f6nlichen Daten auf jene pers\u00f6nliche Daten zu beschr\u00e4nken, die aus legitimen Gr\u00fcnden ben\u00f6tigt werden.<\/li>\n                <li>Wir werden zun\u00e4chst dein explizites Einverst\u00e4ndnis einholen, wenn dies notwendig sein sollte, um deine pers\u00f6nlichen Daten zu verarbeiten.<\/li>\n                <li>Wir unternehmen angemessene Sicherheitsma\u00dfnahmen um deine pers\u00f6nlichen Daten zu sch\u00fctzen und verlangen dies ebenso von Parteien, die pers\u00f6nliche Daten in unserem Auftrag verarbeiten.<\/li>\n                <li>Wir respektieren dein Recht auf Einsichtnahme, Berichtigung oder L\u00f6schung deiner personenbezogenen Daten.<\/li>\n            <\/ul><p>Wenn du Fragen hast oder wissen m\u00f6chtest, welche pers\u00f6nlichen Daten wir \u00fcber dich haben, kontaktiere uns bitte.<\/p><\/p><h2>1. Zweck, Daten und Aufbewahrungsfrist<\/h2>Wir k\u00f6nnen personenbezogene Daten f\u00fcr eine Reihe von Zwecken im Zusammenhang mit unserer Gesch\u00e4ftst\u00e4tigkeit sammeln oder erhalten, darunter die folgenden: (zum Vergr\u00f6\u00dfern anklicken)<details class=\"cmplz-dropdown dropdown-privacy-statement\"><summary><div><h3>1.1 Erstellung und Analyse von Statistiken zur Verbesserung der Website.<\/h3><\/div><\/summary><p class=\"cmplz-subtitle\">Zu diesem Zweck verwenden wir die folgenden Daten:<\/p><p><ul><li>IP-Adresse<\/li><li>Informationen \u00fcber Internetaktivit\u00e4ten, einschlie\u00dflich, aber nicht ausschlie\u00dflich, Browserverlauf, Suchverlauf und Informationen \u00fcber die Interaktionen des Kunden mit einer Internetseite, einem Programm oder einer Werbung<\/li><\/ul><\/p><p class=\"cmplz-subtitle\">Die Grundlage, auf der wir diese Daten verarbeiten k\u00f6nnen, ist:<\/p><p><a target=\"_blank\" rel=\"noopener noreferrer nofollow\" href=\"https:\/\/cookiedatabase.org\/legal-bases\/#obligation\">Zur Erf\u00fcllung einer gesetzlichen oder beh\u00f6rdlichen Verpflichtung<\/a><\/p><p class=\"cmplz-subtitle\">Bewahrungsfrist<\/p><p>Wir speichern diese Daten bis zur Beendigung des Dienstes.<\/p><\/details><h2>2. Cookies<\/h2><p>Unsere Website benutzt Cookies. F\u00fcr mehr Informationen \u00fcber Cookies schaue bitte unter unseren <a href=\"https:\/\/cilaj-energi.dk\/de\/cookie-richtlinie-eu\/\">Cookie-Richtlinien<\/a> nach.&nbsp;<\/p><h2>3. Offenlegungspraktiken<\/h2><p><p>Wir legen personenbezogene Daten offen, wenn wir gesetzlich oder per Gerichtsbeschluss dazu verpflichtet sind, z. B. auf Anforderung einer Strafverfolgungsbeh\u00f6rde, soweit dies im Rahmen der gesetzlichen Bestimmungen zul\u00e4ssig ist, um Ausk\u00fcnfte zu erteilen, oder f\u00fcr eine Untersuchung in einer Angelegenheit, die die \u00f6ffentliche Sicherheit betrifft.<\/p><p>Wenn unsere Website oder unser Unternehmen im Rahmen einer Fusion oder \u00dcbernahme \u00fcbernommen oder verkauft wird, k\u00f6nnen deinen Daten unseren Beratern und potenziellen K\u00e4ufern offengelegt und an die neuen Eigent\u00fcmer \u00fcbermittelt werden.<\/p><\/p><p>Wir verf\u00fcgen \u00fcber eine Datenverarbeitungsvereinbarung mit Google.<\/p><p>Google darf die Daten nicht f\u00fcr andere Google-Dienste verwenden.<\/p><h2>4. Sicherheit<\/h2><p>Wir sind der Sicherheit pers\u00f6nlicher Daten verpflichtet. Wir unternehmen angemessene Sicherheitsma\u00dfnahmen um Missbrauch von und unauthorisierten Zugriff auf pers\u00f6nliche Daten zu begrenzen. Dies stellt sicher, dass nur notwendige Personen Zugriff auf deine Daten erhalten, dieser Zugriff gesch\u00fctzt ist und dass unsere Sicherheitsma\u00dfnahmen regelm\u00e4\u00dfig gepr\u00fcft werden.<\/p><p>Die von uns verwendeten Sicherheitsma\u00dfnahmen umfassen:<\/p><p><ul><li>Login-Sicherheit<\/li><\/ul><\/p><h2>5. Websites von Drittanbietern<\/h2><p>Diese Datenschutzerkl\u00e4rung gilt nicht f\u00fcr Websites von Drittparteien, die durch Links auf unserer Website verbunden sind. Wir k\u00f6nnen nicht garantieren, dass diese Drittanbieter deine pers\u00f6nlichen Daten in verl\u00e4sslicher oder sicherer Weise behandeln. Wir empfehlen dir die Datenschutzerkl\u00e4rungen dieser Websites vor deren Nutzung zu lesen.<\/p><h2>6. Erg\u00e4nzungen zu dieser Datenschutzerkl\u00e4rung<\/h2><p>Wir behalten uns das Recht vor, \u00c4nderungen an dieser Datenschutzerkl\u00e4rung vorzunehmen. Es wird empfohlen, diese Datenschutzerkl\u00e4rung regelm\u00e4\u00dfig zu lesen, um sich \u00fcber \u00c4nderungen zu informieren. Dar\u00fcber hinaus informieren wir dich wo immer m\u00f6glich.<\/p><h2>7. Zugriff und Bearbeitung deiner Daten<\/h2><p>Wenn du Fragen hast oder wissen m\u00f6chtest, welche pers\u00f6nlichen Daten wir \u00fcber dich haben, kontaktiere uns bitte. Du kannst uns mittels der unten stehenden Informationen erreichen. Du hast die folgenden Rechte:<\/p><ul>\n                <li>Du hast das Recht zu wissen, warum deine pers\u00f6nlichen Daten gebraucht werden, was mit ihnen passiert und wie lange diese verwahrt werden.<\/li>\n                <li>Zugriffsrecht: Du hast das Recht deine uns bekannten pers\u00f6nliche Daten einzusehen.<\/li>\n                <li>Recht auf Berichtigung: Du hast das Recht wann immer du w\u00fcnscht, deine pers\u00f6nlichen Daten zu erg\u00e4nzen, zu korrigieren sowie gel\u00f6scht oder blockiert zu bekommen.<\/li>\n                <li>Wenn du uns dein Einverst\u00e4ndnis zur Verarbeitung deiner Daten gegeben hast, hast du das Recht dieses Einverst\u00e4ndnis zu widerrufen und deine pers\u00f6nlichen Daten l\u00f6schen zu lassen.<\/li>\n                <li>Recht auf Datentransfer deiner Daten: Du hast das Recht, alle deine pers\u00f6nlichen Daten von einem Verantwortlichen anzufordern und in ihrer Gesamtheit zu einem anderen Verantwortlichen zu transferieren.<\/li>\n                <li>Widerspruchsrecht: Du kannst der Verarbeitung deiner Daten widersprechen. Wir entsprechen dem, es sei denn es gibt berechtigte Gr\u00fcnde f\u00fcr die Verarbeitung.<\/li>\n            <\/ul><p>Bitte stelle sicher, dass du immer klar angibst,  wer du bist, sodass wir sicher sein k\u00f6nnen nicht die Daten der falschen Person zu bearbeiten oder zu l\u00f6schen.<\/p><h2>8. Eine Beschwerde \u00fcbermitteln<\/h2><p>Wenn du nicht zufrieden mit der Art und Weise bist, in der wir (deine Beschwerde) die Verarbeitung deiner pers\u00f6nlichen Daten handhaben, hast du das Recht eine Beschwerde an die Datenschutzbeh\u00f6rde zu richten.<\/p><h2>9. Kontaktdaten<\/h2><p>Cilaj Energi A\/S<br \/>\n        S\u00f8ndergade 8<br \/>\r\n7673 Harbo\u00f8re<br \/>\n        D\u00e4nemark<br \/>\n        Website: <a href=\"https:\/\/cilaj-energi.dk\/de\/\">https:\/\/cilaj-energi.dk\/de\/<\/a> <br \/>\n        E-Mail: <span class=\"cmplz-obfuscate\">&#105;nfo@<span class=\"cmplz-fmail-domain\">&#101;&#120;.com<\/span>&#099;il&#097;j&#045;en&#101;r&#103;&#105;.&#100;k<\/span> <br \/>\n        Telefonnummer: +45 9690 8888<\/p><h2>Anhang<\/h2><p><h3>WPML<\/h3>\r\nWPML uses cookies to identify the visitor\u2019s current language, the last visited language and the language of users who have logged in.\r\n\r\nWhile you use the plugin, WPML will share data regarding the site through Installer. No data from the user itself will be shared.\r\n<h3>WPML String Translation<\/h3>\r\nWPML String Translation will send all strings to WPML\u2019s Advanced Translation Editor and to the translation services which are used.\r\n<h3>Slider Revolution<\/h3>\r\n<h2>In case you\u2019re using Google Web Fonts (default) or playing videos or sounds via YouTube or Vimeo in Slider Revolution we recommend to add the corresponding text phrase to your privacy police:<\/h2>\r\n<h3>YouTube<\/h3>\r\nOur website uses plugins from YouTube, which is operated by Google. The operator of the pages is YouTube LLC, 901 Cherry Ave., San Bruno, CA 94066, USA.\r\n\r\nIf you visit one of our pages featuring a YouTube plugin, a connection to the YouTube servers is established. Here the YouTube server is informed about which of our pages you have visited.\r\n\r\nIf you&#8217;re logged in to your YouTube account, YouTube allows you to associate your browsing behavior directly with your personal profile. You can prevent this by logging out of your YouTube account.\r\n\r\nYouTube is used to help make our website appealing. This constitutes a justified interest pursuant to Art. 6 (1) (f) DSGVO.\r\n\r\nFurther information about handling user data, can be found in the data protection declaration of YouTube under <a href=\"https:\/\/www.google.de\/intl\/de\/policies\/privacy\" target=\"_blank\" rel=\"noopener\">https:\/\/www.google.de\/intl\/de\/policies\/privacy<\/a>.\r\n<h3>Vimeo<\/h3>\r\nOur website uses features provided by the Vimeo video portal. This service is provided by Vimeo Inc., 555 West 18th Street, New York, New York 10011, USA.\r\n\r\nIf you visit one of our pages featuring a Vimeo plugin, a connection to the Vimeo servers is established. Here the Vimeo server is informed about which of our pages you have visited. In addition, Vimeo will receive your IP address. This also applies if you are not logged in to Vimeo when you visit our plugin or do not have a Vimeo account. The information is transmitted to a Vimeo server in the US, where it is stored.\r\n\r\nIf you are logged in to your Vimeo account, Vimeo allows you to associate your browsing behavior directly with your personal profile. You can prevent this by logging out of your Vimeo account.\r\n\r\nFor more information on how to handle user data, please refer to the Vimeo Privacy Policy at <a href=\"https:\/\/vimeo.com\/privacy\" target=\"_blank\" rel=\"noopener\">https:\/\/vimeo.com\/privacy<\/a>.\r\n<h3>Google Web Fonts<\/h3>\r\nFor uniform representation of fonts, this page uses web fonts provided by Google. When you open a page, your browser loads the required web fonts into your browser cache to display texts and fonts correctly.\r\n\r\nFor this purpose your browser has to establish a direct connection to Google servers. Google thus becomes aware that our web page was accessed via your IP address. The use of Google Web fonts is done in the interest of a uniform and attractive presentation of our plugin. This constitutes a justified interest pursuant to Art. 6 (1) (f) DSGVO.\r\n\r\nIf your browser does not support web fonts, a standard font is used by your computer.\r\n\r\nFurther information about handling user data, can be found at <a href=\"https:\/\/developers.google.com\/fonts\/faq\" target=\"_blank\" rel=\"noopener\">https:\/\/developers.google.com\/fonts\/faq<\/a> and in Google&#8217;s privacy policy at <a href=\"https:\/\/www.google.com\/policies\/privacy\/\" target=\"_blank\" rel=\"noopener\">https:\/\/www.google.com\/policies\/privacy\/<\/a>.\r\n<h3>SoundCloud<\/h3>\r\nOn our pages, plugins of the SoundCloud social network (SoundCloud Limited, Berners House, 47-48 Berners Street, London W1T 3NF, UK) may be integrated. The SoundCloud plugins can be recognized by the SoundCloud logo on our site.\r\n\r\nWhen you visit our site, a direct connection between your browser and the SoundCloud server is established via the plugin. This enables SoundCloud to receive information that you have visited our site from your IP address. If you click on the \u201cLike\u201d or \u201cShare\u201d buttons while you are logged into your SoundCloud account, you can link the content of our pages to your SoundCloud profile. This means that SoundCloud can associate visits to our pages with your user account. We would like to point out that, as the provider of these pages, we have no knowledge of the content of the data transmitted or how it will be used by SoundCloud. For more information on SoundCloud\u2019s privacy policy, please go to https:\/\/soundcloud.com\/pages\/privacy.\r\n\r\nIf you do not want SoundCloud to associate your visit to our site with your SoundCloud account, please log out of your SoundCloud account.<\/p><\/div>","protected":false},"excerpt":{"rendered":"<p>Datenschutzerkl\u00e4rung (EU)<\/p>\n","protected":false},"author":2,"featured_media":0,"parent":0,"menu_order":0,"comment_status":"closed","ping_status":"closed","template":"page-sidebar-right.php","meta":{"footnotes":""},"class_list":["post-785","page","type-page","status-publish","hentry"],"yoast_head":"<!-- This site is optimized with the Yoast SEO Premium plugin v27.4 (Yoast SEO v27.4) - https:\/\/yoast.com\/product\/yoast-seo-premium-wordpress\/ -->\n<title>Datenschutzerkl\u00e4rung (EU) - Cilaj-Energi<\/title>\n<meta name=\"robots\" content=\"index, follow, max-snippet:-1, max-image-preview:large, max-video-preview:-1\" \/>\n<link rel=\"canonical\" href=\"https:\/\/cilaj-energi.dk\/de\/datenschutzerklaerung-eu\/\" \/>\n<meta property=\"og:locale\" content=\"de_DE\" \/>\n<meta property=\"og:type\" content=\"article\" \/>\n<meta property=\"og:title\" content=\"Datenschutzerkl\u00e4rung (EU)\" \/>\n<meta property=\"og:description\" content=\"Datenschutzerkl\u00e4rung (EU)\" \/>\n<meta property=\"og:url\" content=\"https:\/\/cilaj-energi.dk\/de\/datenschutzerklaerung-eu\/\" \/>\n<meta property=\"og:site_name\" content=\"Cilaj-Energi\" \/>\n<meta property=\"article:modified_time\" content=\"2020-12-06T00:31:01+00:00\" \/>\n<meta name=\"twitter:card\" content=\"summary_large_image\" \/>\n<script type=\"application\/ld+json\" class=\"yoast-schema-graph\">{\"@context\":\"https:\\\/\\\/schema.org\",\"@graph\":[{\"@type\":\"WebPage\",\"@id\":\"https:\\\/\\\/cilaj-energi.dk\\\/de\\\/datenschutzerklaerung-eu\\\/\",\"url\":\"https:\\\/\\\/cilaj-energi.dk\\\/de\\\/datenschutzerklaerung-eu\\\/\",\"name\":\"Datenschutzerkl\u00e4rung (EU) - Cilaj-Energi\",\"isPartOf\":{\"@id\":\"https:\\\/\\\/cilaj-energi.dk\\\/#website\"},\"datePublished\":\"2020-12-05T23:29:56+00:00\",\"dateModified\":\"2020-12-06T00:31:01+00:00\",\"breadcrumb\":{\"@id\":\"https:\\\/\\\/cilaj-energi.dk\\\/de\\\/datenschutzerklaerung-eu\\\/#breadcrumb\"},\"inLanguage\":\"de\",\"potentialAction\":[{\"@type\":\"ReadAction\",\"target\":[\"https:\\\/\\\/cilaj-energi.dk\\\/de\\\/datenschutzerklaerung-eu\\\/\"]}]},{\"@type\":\"BreadcrumbList\",\"@id\":\"https:\\\/\\\/cilaj-energi.dk\\\/de\\\/datenschutzerklaerung-eu\\\/#breadcrumb\",\"itemListElement\":[{\"@type\":\"ListItem\",\"position\":1,\"name\":\"Hjem\",\"item\":\"https:\\\/\\\/cilaj-energi.dk\\\/de\\\/\"},{\"@type\":\"ListItem\",\"position\":2,\"name\":\"Datenschutzerkl\u00e4rung (EU)\"}]},{\"@type\":\"WebSite\",\"@id\":\"https:\\\/\\\/cilaj-energi.dk\\\/#website\",\"url\":\"https:\\\/\\\/cilaj-energi.dk\\\/\",\"name\":\"Cilaj-Energi\",\"description\":\"Bioenergi\",\"publisher\":{\"@id\":\"https:\\\/\\\/cilaj-energi.dk\\\/#organization\"},\"potentialAction\":[{\"@type\":\"SearchAction\",\"target\":{\"@type\":\"EntryPoint\",\"urlTemplate\":\"https:\\\/\\\/cilaj-energi.dk\\\/?s={search_term_string}\"},\"query-input\":{\"@type\":\"PropertyValueSpecification\",\"valueRequired\":true,\"valueName\":\"search_term_string\"}}],\"inLanguage\":\"de\"},{\"@type\":\"Organization\",\"@id\":\"https:\\\/\\\/cilaj-energi.dk\\\/#organization\",\"name\":\"Cilaj Energi\",\"url\":\"https:\\\/\\\/cilaj-energi.dk\\\/\",\"logo\":{\"@type\":\"ImageObject\",\"inLanguage\":\"de\",\"@id\":\"https:\\\/\\\/cilaj-energi.dk\\\/#\\\/schema\\\/logo\\\/image\\\/\",\"url\":\"https:\\\/\\\/cilaj-energi.dk\\\/wp-content\\\/uploads\\\/2015\\\/12\\\/Logo_small.png\",\"contentUrl\":\"https:\\\/\\\/cilaj-energi.dk\\\/wp-content\\\/uploads\\\/2015\\\/12\\\/Logo_small.png\",\"width\":125,\"height\":99,\"caption\":\"Cilaj Energi\"},\"image\":{\"@id\":\"https:\\\/\\\/cilaj-energi.dk\\\/#\\\/schema\\\/logo\\\/image\\\/\"}}]}<\/script>\n<!-- \/ Yoast SEO Premium plugin. -->","yoast_head_json":{"title":"Datenschutzerkl\u00e4rung (EU) - Cilaj-Energi","robots":{"index":"index","follow":"follow","max-snippet":"max-snippet:-1","max-image-preview":"max-image-preview:large","max-video-preview":"max-video-preview:-1"},"canonical":"https:\/\/cilaj-energi.dk\/de\/datenschutzerklaerung-eu\/","og_locale":"de_DE","og_type":"article","og_title":"Datenschutzerkl\u00e4rung (EU)","og_description":"Datenschutzerkl\u00e4rung (EU)","og_url":"https:\/\/cilaj-energi.dk\/de\/datenschutzerklaerung-eu\/","og_site_name":"Cilaj-Energi","article_modified_time":"2020-12-06T00:31:01+00:00","twitter_card":"summary_large_image","schema":{"@context":"https:\/\/schema.org","@graph":[{"@type":"WebPage","@id":"https:\/\/cilaj-energi.dk\/de\/datenschutzerklaerung-eu\/","url":"https:\/\/cilaj-energi.dk\/de\/datenschutzerklaerung-eu\/","name":"Datenschutzerkl\u00e4rung (EU) - Cilaj-Energi","isPartOf":{"@id":"https:\/\/cilaj-energi.dk\/#website"},"datePublished":"2020-12-05T23:29:56+00:00","dateModified":"2020-12-06T00:31:01+00:00","breadcrumb":{"@id":"https:\/\/cilaj-energi.dk\/de\/datenschutzerklaerung-eu\/#breadcrumb"},"inLanguage":"de","potentialAction":[{"@type":"ReadAction","target":["https:\/\/cilaj-energi.dk\/de\/datenschutzerklaerung-eu\/"]}]},{"@type":"BreadcrumbList","@id":"https:\/\/cilaj-energi.dk\/de\/datenschutzerklaerung-eu\/#breadcrumb","itemListElement":[{"@type":"ListItem","position":1,"name":"Hjem","item":"https:\/\/cilaj-energi.dk\/de\/"},{"@type":"ListItem","position":2,"name":"Datenschutzerkl\u00e4rung (EU)"}]},{"@type":"WebSite","@id":"https:\/\/cilaj-energi.dk\/#website","url":"https:\/\/cilaj-energi.dk\/","name":"Cilaj-Energi","description":"Bioenergi","publisher":{"@id":"https:\/\/cilaj-energi.dk\/#organization"},"potentialAction":[{"@type":"SearchAction","target":{"@type":"EntryPoint","urlTemplate":"https:\/\/cilaj-energi.dk\/?s={search_term_string}"},"query-input":{"@type":"PropertyValueSpecification","valueRequired":true,"valueName":"search_term_string"}}],"inLanguage":"de"},{"@type":"Organization","@id":"https:\/\/cilaj-energi.dk\/#organization","name":"Cilaj Energi","url":"https:\/\/cilaj-energi.dk\/","logo":{"@type":"ImageObject","inLanguage":"de","@id":"https:\/\/cilaj-energi.dk\/#\/schema\/logo\/image\/","url":"https:\/\/cilaj-energi.dk\/wp-content\/uploads\/2015\/12\/Logo_small.png","contentUrl":"https:\/\/cilaj-energi.dk\/wp-content\/uploads\/2015\/12\/Logo_small.png","width":125,"height":99,"caption":"Cilaj Energi"},"image":{"@id":"https:\/\/cilaj-energi.dk\/#\/schema\/logo\/image\/"}}]}},"_links":{"self":[{"href":"https:\/\/cilaj-energi.dk\/de\/wp-json\/wp\/v2\/pages\/785","targetHints":{"allow":["GET"]}}],"collection":[{"href":"https:\/\/cilaj-energi.dk\/de\/wp-json\/wp\/v2\/pages"}],"about":[{"href":"https:\/\/cilaj-energi.dk\/de\/wp-json\/wp\/v2\/types\/page"}],"author":[{"embeddable":true,"href":"https:\/\/cilaj-energi.dk\/de\/wp-json\/wp\/v2\/users\/2"}],"replies":[{"embeddable":true,"href":"https:\/\/cilaj-energi.dk\/de\/wp-json\/wp\/v2\/comments?post=785"}],"version-history":[{"count":2,"href":"https:\/\/cilaj-energi.dk\/de\/wp-json\/wp\/v2\/pages\/785\/revisions"}],"predecessor-version":[{"id":797,"href":"https:\/\/cilaj-energi.dk\/de\/wp-json\/wp\/v2\/pages\/785\/revisions\/797"}],"wp:attachment":[{"href":"https:\/\/cilaj-energi.dk\/de\/wp-json\/wp\/v2\/media?parent=785"}],"curies":[{"name":"wp","href":"https:\/\/api.w.org\/{rel}","templated":true}]}}