{"id":407,"date":"2015-12-10T13:26:29","date_gmt":"2015-12-10T13:26:29","guid":{"rendered":"https:\/\/cilaj-energi.dk\/de\/kvalitet\/"},"modified":"2018-09-20T12:18:50","modified_gmt":"2018-09-20T11:18:50","slug":"qualitaet","status":"publish","type":"page","link":"https:\/\/cilaj-energi.dk\/de\/qualitaet\/","title":{"rendered":"Qualit\u00e4t"},"content":{"rendered":"<div  class=\"ui--animation-in make--fx--appear ui--pass clearfix\" data-fx=\"fx--appear\" data-delay=\"150\" data-start-delay=\"0\"><h1 id=\"custom-title-h1-1\" class=\"ui--animation \" style=\"\">Qualit\u00e4t<\/h1><div class=\"ui-row row\">\n <div   class=\"ui-column span6\"><div class=\"auto-format ui--animation\"><p>F\u00fcr CILAJ gehen Qualit\u00e4t und Umwelt Hand in Hand. Es ist nicht m\u00f6glich, Bio-\u00d6le in Spitzenqualit\u00e4t herzustellen, wenn die Produkte nicht \u00fcberaus rein und damit nachhaltig sind. Aus diesem Grund stellt CILAJ an seine Zulieferer hohe Anforderungen. F\u00fcr das Unternehmen ist es daher von gro\u00dfer Bedeutung, dass der Wassergehalt und Verschmutzungsgrad der Bio-\u00d6le nicht zu hoch ist und dass der FFA-Gehalt, also der Gehalt an freien Fetts\u00e4uren, bei Altspeise\u00f6l nicht zu hoch ist.<\/p>\n<p>Wie auf der rechten Seite zu sehen, ist CILAJ f\u00fcr die Behandlung und Bearbeitung der Produkte zertifiziert. Diese Zertifizierungen sind ein Zeugnis f\u00fcr die Professionalit\u00e4t und Seriosit\u00e4t des Unternehmens und zeigen unseren Kunden, dass CILAJ gleichzeitig allergr\u00f6\u00dften Respekt vor der Umwelt zeigt.<\/p>\n<\/div><\/div> \n\n <div   class=\"ui-column span6\"><\/div> \n\n<\/div> \n<\/div>","protected":false},"excerpt":{"rendered":"<p>Qualit\u00e4t F\u00fcr CILAJ gehen Qualit\u00e4t und Umwelt Hand in Hand. Es ist nicht m\u00f6glich, Bio-\u00d6le in Spitzenqualit\u00e4t herzustellen, wenn die Produkte nicht \u00fcberaus rein und damit nachhaltig sind. Aus diesem Grund stellt CILAJ an seine Zulieferer hohe Anforderungen. F\u00fcr das Unternehmen ist es daher von gro\u00dfer Bedeutung, dass der Wassergehalt und Verschmutzungsgrad der Bio-\u00d6le nicht [&hellip;]<\/p>\n","protected":false},"author":2,"featured_media":0,"parent":0,"menu_order":0,"comment_status":"closed","ping_status":"closed","template":"page-sidebar-right.php","meta":{"footnotes":""},"class_list":["post-407","page","type-page","status-publish","hentry"],"yoast_head":"<!-- This site is optimized with the Yoast SEO Premium plugin v27.3 (Yoast SEO v27.3) - https:\/\/yoast.com\/product\/yoast-seo-premium-wordpress\/ -->\n<title>Qualit\u00e4t - Cilaj-Energi<\/title>\n<meta name=\"robots\" content=\"index, follow, max-snippet:-1, max-image-preview:large, max-video-preview:-1\" \/>\n<link rel=\"canonical\" href=\"https:\/\/cilaj-energi.dk\/de\/qualitaet\/\" \/>\n<meta property=\"og:locale\" content=\"de_DE\" \/>\n<meta property=\"og:type\" content=\"article\" \/>\n<meta property=\"og:title\" content=\"Qualit\u00e4t\" \/>\n<meta property=\"og:description\" content=\"Qualit\u00e4t F\u00fcr CILAJ gehen Qualit\u00e4t und Umwelt Hand in Hand. Es ist nicht m\u00f6glich, Bio-\u00d6le in Spitzenqualit\u00e4t herzustellen, wenn die Produkte nicht \u00fcberaus rein und damit nachhaltig sind. Aus diesem Grund stellt CILAJ an seine Zulieferer hohe Anforderungen. F\u00fcr das Unternehmen ist es daher von gro\u00dfer Bedeutung, dass der Wassergehalt und Verschmutzungsgrad der Bio-\u00d6le nicht [&hellip;]\" \/>\n<meta property=\"og:url\" content=\"https:\/\/cilaj-energi.dk\/de\/qualitaet\/\" \/>\n<meta property=\"og:site_name\" content=\"Cilaj-Energi\" \/>\n<meta property=\"article:modified_time\" content=\"2018-09-20T11:18:50+00:00\" \/>\n<meta name=\"twitter:card\" content=\"summary_large_image\" \/>\n<script type=\"application\/ld+json\" class=\"yoast-schema-graph\">{\"@context\":\"https:\\\/\\\/schema.org\",\"@graph\":[{\"@type\":\"WebPage\",\"@id\":\"https:\\\/\\\/cilaj-energi.dk\\\/de\\\/qualitaet\\\/\",\"url\":\"https:\\\/\\\/cilaj-energi.dk\\\/de\\\/qualitaet\\\/\",\"name\":\"Qualit\u00e4t - Cilaj-Energi\",\"isPartOf\":{\"@id\":\"https:\\\/\\\/cilaj-energi.dk\\\/#website\"},\"datePublished\":\"2015-12-10T13:26:29+00:00\",\"dateModified\":\"2018-09-20T11:18:50+00:00\",\"breadcrumb\":{\"@id\":\"https:\\\/\\\/cilaj-energi.dk\\\/de\\\/qualitaet\\\/#breadcrumb\"},\"inLanguage\":\"de\",\"potentialAction\":[{\"@type\":\"ReadAction\",\"target\":[\"https:\\\/\\\/cilaj-energi.dk\\\/de\\\/qualitaet\\\/\"]}]},{\"@type\":\"BreadcrumbList\",\"@id\":\"https:\\\/\\\/cilaj-energi.dk\\\/de\\\/qualitaet\\\/#breadcrumb\",\"itemListElement\":[{\"@type\":\"ListItem\",\"position\":1,\"name\":\"Hjem\",\"item\":\"https:\\\/\\\/cilaj-energi.dk\\\/de\\\/\"},{\"@type\":\"ListItem\",\"position\":2,\"name\":\"Qualit\u00e4t\"}]},{\"@type\":\"WebSite\",\"@id\":\"https:\\\/\\\/cilaj-energi.dk\\\/#website\",\"url\":\"https:\\\/\\\/cilaj-energi.dk\\\/\",\"name\":\"Cilaj-Energi\",\"description\":\"Bioenergi\",\"publisher\":{\"@id\":\"https:\\\/\\\/cilaj-energi.dk\\\/#organization\"},\"potentialAction\":[{\"@type\":\"SearchAction\",\"target\":{\"@type\":\"EntryPoint\",\"urlTemplate\":\"https:\\\/\\\/cilaj-energi.dk\\\/?s={search_term_string}\"},\"query-input\":{\"@type\":\"PropertyValueSpecification\",\"valueRequired\":true,\"valueName\":\"search_term_string\"}}],\"inLanguage\":\"de\"},{\"@type\":\"Organization\",\"@id\":\"https:\\\/\\\/cilaj-energi.dk\\\/#organization\",\"name\":\"Cilaj Energi\",\"url\":\"https:\\\/\\\/cilaj-energi.dk\\\/\",\"logo\":{\"@type\":\"ImageObject\",\"inLanguage\":\"de\",\"@id\":\"https:\\\/\\\/cilaj-energi.dk\\\/#\\\/schema\\\/logo\\\/image\\\/\",\"url\":\"https:\\\/\\\/cilaj-energi.dk\\\/wp-content\\\/uploads\\\/2015\\\/12\\\/Logo_small.png\",\"contentUrl\":\"https:\\\/\\\/cilaj-energi.dk\\\/wp-content\\\/uploads\\\/2015\\\/12\\\/Logo_small.png\",\"width\":125,\"height\":99,\"caption\":\"Cilaj Energi\"},\"image\":{\"@id\":\"https:\\\/\\\/cilaj-energi.dk\\\/#\\\/schema\\\/logo\\\/image\\\/\"}}]}<\/script>\n<!-- \/ Yoast SEO Premium plugin. -->","yoast_head_json":{"title":"Qualit\u00e4t - Cilaj-Energi","robots":{"index":"index","follow":"follow","max-snippet":"max-snippet:-1","max-image-preview":"max-image-preview:large","max-video-preview":"max-video-preview:-1"},"canonical":"https:\/\/cilaj-energi.dk\/de\/qualitaet\/","og_locale":"de_DE","og_type":"article","og_title":"Qualit\u00e4t","og_description":"Qualit\u00e4t F\u00fcr CILAJ gehen Qualit\u00e4t und Umwelt Hand in Hand. Es ist nicht m\u00f6glich, Bio-\u00d6le in Spitzenqualit\u00e4t herzustellen, wenn die Produkte nicht \u00fcberaus rein und damit nachhaltig sind. Aus diesem Grund stellt CILAJ an seine Zulieferer hohe Anforderungen. F\u00fcr das Unternehmen ist es daher von gro\u00dfer Bedeutung, dass der Wassergehalt und Verschmutzungsgrad der Bio-\u00d6le nicht [&hellip;]","og_url":"https:\/\/cilaj-energi.dk\/de\/qualitaet\/","og_site_name":"Cilaj-Energi","article_modified_time":"2018-09-20T11:18:50+00:00","twitter_card":"summary_large_image","schema":{"@context":"https:\/\/schema.org","@graph":[{"@type":"WebPage","@id":"https:\/\/cilaj-energi.dk\/de\/qualitaet\/","url":"https:\/\/cilaj-energi.dk\/de\/qualitaet\/","name":"Qualit\u00e4t - Cilaj-Energi","isPartOf":{"@id":"https:\/\/cilaj-energi.dk\/#website"},"datePublished":"2015-12-10T13:26:29+00:00","dateModified":"2018-09-20T11:18:50+00:00","breadcrumb":{"@id":"https:\/\/cilaj-energi.dk\/de\/qualitaet\/#breadcrumb"},"inLanguage":"de","potentialAction":[{"@type":"ReadAction","target":["https:\/\/cilaj-energi.dk\/de\/qualitaet\/"]}]},{"@type":"BreadcrumbList","@id":"https:\/\/cilaj-energi.dk\/de\/qualitaet\/#breadcrumb","itemListElement":[{"@type":"ListItem","position":1,"name":"Hjem","item":"https:\/\/cilaj-energi.dk\/de\/"},{"@type":"ListItem","position":2,"name":"Qualit\u00e4t"}]},{"@type":"WebSite","@id":"https:\/\/cilaj-energi.dk\/#website","url":"https:\/\/cilaj-energi.dk\/","name":"Cilaj-Energi","description":"Bioenergi","publisher":{"@id":"https:\/\/cilaj-energi.dk\/#organization"},"potentialAction":[{"@type":"SearchAction","target":{"@type":"EntryPoint","urlTemplate":"https:\/\/cilaj-energi.dk\/?s={search_term_string}"},"query-input":{"@type":"PropertyValueSpecification","valueRequired":true,"valueName":"search_term_string"}}],"inLanguage":"de"},{"@type":"Organization","@id":"https:\/\/cilaj-energi.dk\/#organization","name":"Cilaj Energi","url":"https:\/\/cilaj-energi.dk\/","logo":{"@type":"ImageObject","inLanguage":"de","@id":"https:\/\/cilaj-energi.dk\/#\/schema\/logo\/image\/","url":"https:\/\/cilaj-energi.dk\/wp-content\/uploads\/2015\/12\/Logo_small.png","contentUrl":"https:\/\/cilaj-energi.dk\/wp-content\/uploads\/2015\/12\/Logo_small.png","width":125,"height":99,"caption":"Cilaj Energi"},"image":{"@id":"https:\/\/cilaj-energi.dk\/#\/schema\/logo\/image\/"}}]}},"_links":{"self":[{"href":"https:\/\/cilaj-energi.dk\/de\/wp-json\/wp\/v2\/pages\/407","targetHints":{"allow":["GET"]}}],"collection":[{"href":"https:\/\/cilaj-energi.dk\/de\/wp-json\/wp\/v2\/pages"}],"about":[{"href":"https:\/\/cilaj-energi.dk\/de\/wp-json\/wp\/v2\/types\/page"}],"author":[{"embeddable":true,"href":"https:\/\/cilaj-energi.dk\/de\/wp-json\/wp\/v2\/users\/2"}],"replies":[{"embeddable":true,"href":"https:\/\/cilaj-energi.dk\/de\/wp-json\/wp\/v2\/comments?post=407"}],"version-history":[{"count":2,"href":"https:\/\/cilaj-energi.dk\/de\/wp-json\/wp\/v2\/pages\/407\/revisions"}],"predecessor-version":[{"id":480,"href":"https:\/\/cilaj-energi.dk\/de\/wp-json\/wp\/v2\/pages\/407\/revisions\/480"}],"wp:attachment":[{"href":"https:\/\/cilaj-energi.dk\/de\/wp-json\/wp\/v2\/media?parent=407"}],"curies":[{"name":"wp","href":"https:\/\/api.w.org\/{rel}","templated":true}]}}