{"id":405,"date":"2015-12-11T10:26:56","date_gmt":"2015-12-11T10:26:56","guid":{"rendered":"https:\/\/cilaj-energi.dk\/de\/miljoe\/"},"modified":"2016-02-15T12:09:04","modified_gmt":"2016-02-15T12:09:04","slug":"umwelt","status":"publish","type":"page","link":"https:\/\/cilaj-energi.dk\/de\/umwelt\/","title":{"rendered":"Umwelt"},"content":{"rendered":"<div  class=\"ui--animation-in make--fx--appear ui--pass clearfix\" data-fx=\"fx--appear\" data-delay=\"150\" data-start-delay=\"0\"><h1 id=\"custom-title-h1-1\" class=\"ui--animation \" style=\"\">Umwelt<\/h1><div class=\"ui-row row\">\n <div   class=\"ui-column span6\"><div class=\"auto-format ui--animation\"><p>CILAJ ist ein pers\u00f6nliches Projekt f\u00fcr Peter M\u00f8ller Nielsen, da er sich angetrieben f\u00fchlt von einem umfassenden Wissen \u00fcber die biochemischen Prozesse in der Natur und nicht zuletzt von dem Wunsch, dazu beizutragen, dass unser menschliches Handeln im Gleichgewicht mit den vielen anderen Lebensformen auf der Erde steht.<\/p>\n<p>F\u00fcr CILAJ ist der Umweltgedanke ein grundlegender Faktor. Aus diesem Grund legt das Unternehmen gr\u00f6\u00dften Wert darauf, nichts verloren gehen zu lassen. Die Energie aus brennbaren Resten aus der Verarbeitung von pflanzlichen oder tierischen Produkten gilt es vollst\u00e4ndig zu nutzen.<\/p>\n<p>Alle CILAJ Produkte erf\u00fcllen die europ\u00e4ische Norm DIN EN 14214.<br \/>\nAn die Zulieferer steht die Anforderung, diese Norm erf\u00fcllen zu k\u00f6nnen.<\/p>\n<\/div><\/div> \n\n <div   class=\"ui-column span6\"><div class=\"ui--image-wrap clearfix\" style=\"margin-bottom: 0px;\"><a href=\"https:\/\/cilaj-energi.dk\/wp-content\/uploads\/2016\/01\/Peter_WWF.jpg\" data-rel=\"prettyPhoto\"><img loading=\"lazy\" decoding=\"async\" width=\"1000\" height=\"667\" src=\"https:\/\/cilaj-energi.dk\/wp-content\/uploads\/2016\/01\/Peter_WWF.jpg\" class=\"ui--image ui--animation\" alt=\"Umwelt\" title=\"Umwelt\" id=\"ui--image-1\" srcset=\"https:\/\/cilaj-energi.dk\/wp-content\/uploads\/2016\/01\/Peter_WWF.jpg 1000w, https:\/\/cilaj-energi.dk\/wp-content\/uploads\/2016\/01\/Peter_WWF-300x200.jpg 300w, https:\/\/cilaj-energi.dk\/wp-content\/uploads\/2016\/01\/Peter_WWF-768x512.jpg 768w\" sizes=\"auto, (max-width: 1000px) 100vw, 1000px\" \/><\/a><\/div><h1 id=\"custom-title-1\" class=\"ui--animation \" style=\"font-size: 14px; line-height: 17px; margin-top: 7px; margin-bottom: 30px; \" ><strong>CILAJ unterst\u00fctzt seit mehr als 21 Jahren den World Wildlife Fund.<\/strong><\/h1><\/div> \n\n<\/div> \n<\/div>","protected":false},"excerpt":{"rendered":"<p>Umwelt CILAJ ist ein pers\u00f6nliches Projekt f\u00fcr Peter M\u00f8ller Nielsen, da er sich angetrieben f\u00fchlt von einem umfassenden Wissen \u00fcber die biochemischen Prozesse in der Natur und nicht zuletzt von dem Wunsch, dazu beizutragen, dass unser menschliches Handeln im Gleichgewicht mit den vielen anderen Lebensformen auf der Erde steht. F\u00fcr CILAJ ist der Umweltgedanke ein [&hellip;]<\/p>\n","protected":false},"author":2,"featured_media":0,"parent":0,"menu_order":0,"comment_status":"closed","ping_status":"closed","template":"page-sidebar-right.php","meta":{"footnotes":""},"class_list":["post-405","page","type-page","status-publish","hentry"],"yoast_head":"<!-- This site is optimized with the Yoast SEO Premium plugin v27.3 (Yoast SEO v27.3) - https:\/\/yoast.com\/product\/yoast-seo-premium-wordpress\/ -->\n<title>Umwelt - Cilaj-Energi<\/title>\n<meta name=\"robots\" content=\"index, follow, max-snippet:-1, max-image-preview:large, max-video-preview:-1\" \/>\n<link rel=\"canonical\" href=\"https:\/\/cilaj-energi.dk\/de\/umwelt\/\" \/>\n<meta property=\"og:locale\" content=\"de_DE\" \/>\n<meta property=\"og:type\" content=\"article\" \/>\n<meta property=\"og:title\" content=\"Umwelt\" \/>\n<meta property=\"og:description\" content=\"Umwelt CILAJ ist ein pers\u00f6nliches Projekt f\u00fcr Peter M\u00f8ller Nielsen, da er sich angetrieben f\u00fchlt von einem umfassenden Wissen \u00fcber die biochemischen Prozesse in der Natur und nicht zuletzt von dem Wunsch, dazu beizutragen, dass unser menschliches Handeln im Gleichgewicht mit den vielen anderen Lebensformen auf der Erde steht. F\u00fcr CILAJ ist der Umweltgedanke ein [&hellip;]\" \/>\n<meta property=\"og:url\" content=\"https:\/\/cilaj-energi.dk\/de\/umwelt\/\" \/>\n<meta property=\"og:site_name\" content=\"Cilaj-Energi\" \/>\n<meta property=\"article:modified_time\" content=\"2016-02-15T12:09:04+00:00\" \/>\n<meta name=\"twitter:card\" content=\"summary_large_image\" \/>\n<script type=\"application\/ld+json\" class=\"yoast-schema-graph\">{\"@context\":\"https:\\\/\\\/schema.org\",\"@graph\":[{\"@type\":\"WebPage\",\"@id\":\"https:\\\/\\\/cilaj-energi.dk\\\/de\\\/umwelt\\\/\",\"url\":\"https:\\\/\\\/cilaj-energi.dk\\\/de\\\/umwelt\\\/\",\"name\":\"Umwelt - Cilaj-Energi\",\"isPartOf\":{\"@id\":\"https:\\\/\\\/cilaj-energi.dk\\\/#website\"},\"datePublished\":\"2015-12-11T10:26:56+00:00\",\"dateModified\":\"2016-02-15T12:09:04+00:00\",\"breadcrumb\":{\"@id\":\"https:\\\/\\\/cilaj-energi.dk\\\/de\\\/umwelt\\\/#breadcrumb\"},\"inLanguage\":\"de\",\"potentialAction\":[{\"@type\":\"ReadAction\",\"target\":[\"https:\\\/\\\/cilaj-energi.dk\\\/de\\\/umwelt\\\/\"]}]},{\"@type\":\"BreadcrumbList\",\"@id\":\"https:\\\/\\\/cilaj-energi.dk\\\/de\\\/umwelt\\\/#breadcrumb\",\"itemListElement\":[{\"@type\":\"ListItem\",\"position\":1,\"name\":\"Hjem\",\"item\":\"https:\\\/\\\/cilaj-energi.dk\\\/de\\\/\"},{\"@type\":\"ListItem\",\"position\":2,\"name\":\"Umwelt\"}]},{\"@type\":\"WebSite\",\"@id\":\"https:\\\/\\\/cilaj-energi.dk\\\/#website\",\"url\":\"https:\\\/\\\/cilaj-energi.dk\\\/\",\"name\":\"Cilaj-Energi\",\"description\":\"Bioenergi\",\"publisher\":{\"@id\":\"https:\\\/\\\/cilaj-energi.dk\\\/#organization\"},\"potentialAction\":[{\"@type\":\"SearchAction\",\"target\":{\"@type\":\"EntryPoint\",\"urlTemplate\":\"https:\\\/\\\/cilaj-energi.dk\\\/?s={search_term_string}\"},\"query-input\":{\"@type\":\"PropertyValueSpecification\",\"valueRequired\":true,\"valueName\":\"search_term_string\"}}],\"inLanguage\":\"de\"},{\"@type\":\"Organization\",\"@id\":\"https:\\\/\\\/cilaj-energi.dk\\\/#organization\",\"name\":\"Cilaj Energi\",\"url\":\"https:\\\/\\\/cilaj-energi.dk\\\/\",\"logo\":{\"@type\":\"ImageObject\",\"inLanguage\":\"de\",\"@id\":\"https:\\\/\\\/cilaj-energi.dk\\\/#\\\/schema\\\/logo\\\/image\\\/\",\"url\":\"https:\\\/\\\/cilaj-energi.dk\\\/wp-content\\\/uploads\\\/2015\\\/12\\\/Logo_small.png\",\"contentUrl\":\"https:\\\/\\\/cilaj-energi.dk\\\/wp-content\\\/uploads\\\/2015\\\/12\\\/Logo_small.png\",\"width\":125,\"height\":99,\"caption\":\"Cilaj Energi\"},\"image\":{\"@id\":\"https:\\\/\\\/cilaj-energi.dk\\\/#\\\/schema\\\/logo\\\/image\\\/\"}}]}<\/script>\n<!-- \/ Yoast SEO Premium plugin. -->","yoast_head_json":{"title":"Umwelt - Cilaj-Energi","robots":{"index":"index","follow":"follow","max-snippet":"max-snippet:-1","max-image-preview":"max-image-preview:large","max-video-preview":"max-video-preview:-1"},"canonical":"https:\/\/cilaj-energi.dk\/de\/umwelt\/","og_locale":"de_DE","og_type":"article","og_title":"Umwelt","og_description":"Umwelt CILAJ ist ein pers\u00f6nliches Projekt f\u00fcr Peter M\u00f8ller Nielsen, da er sich angetrieben f\u00fchlt von einem umfassenden Wissen \u00fcber die biochemischen Prozesse in der Natur und nicht zuletzt von dem Wunsch, dazu beizutragen, dass unser menschliches Handeln im Gleichgewicht mit den vielen anderen Lebensformen auf der Erde steht. F\u00fcr CILAJ ist der Umweltgedanke ein [&hellip;]","og_url":"https:\/\/cilaj-energi.dk\/de\/umwelt\/","og_site_name":"Cilaj-Energi","article_modified_time":"2016-02-15T12:09:04+00:00","twitter_card":"summary_large_image","schema":{"@context":"https:\/\/schema.org","@graph":[{"@type":"WebPage","@id":"https:\/\/cilaj-energi.dk\/de\/umwelt\/","url":"https:\/\/cilaj-energi.dk\/de\/umwelt\/","name":"Umwelt - Cilaj-Energi","isPartOf":{"@id":"https:\/\/cilaj-energi.dk\/#website"},"datePublished":"2015-12-11T10:26:56+00:00","dateModified":"2016-02-15T12:09:04+00:00","breadcrumb":{"@id":"https:\/\/cilaj-energi.dk\/de\/umwelt\/#breadcrumb"},"inLanguage":"de","potentialAction":[{"@type":"ReadAction","target":["https:\/\/cilaj-energi.dk\/de\/umwelt\/"]}]},{"@type":"BreadcrumbList","@id":"https:\/\/cilaj-energi.dk\/de\/umwelt\/#breadcrumb","itemListElement":[{"@type":"ListItem","position":1,"name":"Hjem","item":"https:\/\/cilaj-energi.dk\/de\/"},{"@type":"ListItem","position":2,"name":"Umwelt"}]},{"@type":"WebSite","@id":"https:\/\/cilaj-energi.dk\/#website","url":"https:\/\/cilaj-energi.dk\/","name":"Cilaj-Energi","description":"Bioenergi","publisher":{"@id":"https:\/\/cilaj-energi.dk\/#organization"},"potentialAction":[{"@type":"SearchAction","target":{"@type":"EntryPoint","urlTemplate":"https:\/\/cilaj-energi.dk\/?s={search_term_string}"},"query-input":{"@type":"PropertyValueSpecification","valueRequired":true,"valueName":"search_term_string"}}],"inLanguage":"de"},{"@type":"Organization","@id":"https:\/\/cilaj-energi.dk\/#organization","name":"Cilaj Energi","url":"https:\/\/cilaj-energi.dk\/","logo":{"@type":"ImageObject","inLanguage":"de","@id":"https:\/\/cilaj-energi.dk\/#\/schema\/logo\/image\/","url":"https:\/\/cilaj-energi.dk\/wp-content\/uploads\/2015\/12\/Logo_small.png","contentUrl":"https:\/\/cilaj-energi.dk\/wp-content\/uploads\/2015\/12\/Logo_small.png","width":125,"height":99,"caption":"Cilaj Energi"},"image":{"@id":"https:\/\/cilaj-energi.dk\/#\/schema\/logo\/image\/"}}]}},"_links":{"self":[{"href":"https:\/\/cilaj-energi.dk\/de\/wp-json\/wp\/v2\/pages\/405","targetHints":{"allow":["GET"]}}],"collection":[{"href":"https:\/\/cilaj-energi.dk\/de\/wp-json\/wp\/v2\/pages"}],"about":[{"href":"https:\/\/cilaj-energi.dk\/de\/wp-json\/wp\/v2\/types\/page"}],"author":[{"embeddable":true,"href":"https:\/\/cilaj-energi.dk\/de\/wp-json\/wp\/v2\/users\/2"}],"replies":[{"embeddable":true,"href":"https:\/\/cilaj-energi.dk\/de\/wp-json\/wp\/v2\/comments?post=405"}],"version-history":[{"count":2,"href":"https:\/\/cilaj-energi.dk\/de\/wp-json\/wp\/v2\/pages\/405\/revisions"}],"predecessor-version":[{"id":479,"href":"https:\/\/cilaj-energi.dk\/de\/wp-json\/wp\/v2\/pages\/405\/revisions\/479"}],"wp:attachment":[{"href":"https:\/\/cilaj-energi.dk\/de\/wp-json\/wp\/v2\/media?parent=405"}],"curies":[{"name":"wp","href":"https:\/\/api.w.org\/{rel}","templated":true}]}}