{"id":399,"date":"2015-12-11T07:44:53","date_gmt":"2015-12-11T07:44:53","guid":{"rendered":"https:\/\/cilaj-energi.dk\/de\/om-bioolie\/"},"modified":"2016-02-15T11:56:42","modified_gmt":"2016-02-15T11:56:42","slug":"ueber-bio-oel","status":"publish","type":"page","link":"https:\/\/cilaj-energi.dk\/de\/ueber-bio-oel\/","title":{"rendered":"\u00dcber Bio-\u00d6l"},"content":{"rendered":"<div  class=\"ui--animation-in make--fx--appear ui--pass clearfix\" data-fx=\"fx--appear\" data-delay=\"150\" data-start-delay=\"0\"><h1 id=\"custom-title-h1-1\" class=\"ui--animation \" style=\"\">\u00dcber Bio-\u00d6l<\/h1><h3 id=\"custom-title-h3-1\" class=\"ui--animation \" style=\"\">Bio-\u00d6l ist ein nachhaltiger, erneuerbarer, umweltfreundlicher und preiswerter Biobrennstoff f\u00fcr \u00d6lheizungsanlagen<\/h3><div class=\"ui-row row\">\n <div   class=\"ui-column span6\"><div class=\"auto-format ui--animation\"><p>Abgesehen davon, dass Bio-\u00d6l umweltfreundlicher ist als alternative fossile Brennstoffe, l\u00e4sst sich bei einem Umstieg auf Biobrennstoff f\u00fcr Ihre \u00d6lheizung bares Geld sparen.<\/p>\n<p><strong>Erneuerbare Energie<\/strong><br \/>\nBio-\u00d6l von CILAJ ist ein Biokraftstoff der zweiten Generation, hergestellt aus den letzten, f\u00fcr den menschlichen Verzehr ungeeigneten und stark brennbaren Resten aus Pflanzen\u00f6l und Tierproduktion. Das Bio-\u00d6l ist eine Energieressource, die aus industriellen Restprodukten stammt.<\/p>\n<p><strong>Umweltvertr\u00e4gliche Energie<\/strong><br \/>\nDas Bio-\u00d6l reduziert den CO2-Aussto\u00df betr\u00e4chtlich. Die Partikel aus der Verbrennung von Bio-\u00d6l k\u00f6nnen vom menschlichen K\u00f6rper abgebaut und umgesetzt werden.<br \/>\nBio-\u00d6l ist vollkommen schwefelfrei.<\/p>\n<p><strong>Kosteng\u00fcnstiger Brennstoff f\u00fcr die \u00d6lheizung<\/strong><\/p>\n<ul>\n<li>Bio-\u00d6l ist billig, weil auf CO2-neutrale Fl\u00fcssigbrennstoffe keine Abgaben erhoben werden, wenn sie f\u00fcr die W\u00e4rmeerzeugung in Kesselanlagen verwendet werden.<\/li>\n<li>Billig, weil sie Restprodukte effektiv nutzen.<\/li>\n<\/ul>\n<\/div><\/div> \n\n <div   class=\"ui-column span6\"><div class=\"auto-format ui--animation\"><p><strong>Vorteile von Bio-\u00d6l<\/strong><\/p>\n<ul>\n<li>Die Verbrennung von \u00d6l ist so sauber, dass der Kessel nur selten gereinigt werden muss.<\/li>\n<li>Bio-\u00d6l ist beim Anlaufen der Heizungsanlage geruchsfrei.<\/li>\n<li>Der W\u00e4rmewirkungsgrad ist sehr hoch.<\/li>\n<li>Die W\u00e4rme geht statt in den Schornsteinrauch in die Heiz\u2022\tk\u00f6rper.<\/li>\n<li>Der Preis liegt in der Regel unter dem von fossilem Heiz\u00f6l.<\/li>\n<\/ul>\n<p>Ein Umstieg ist m\u00f6glich, ohne den \u00d6ltank leeren oder reinigen zu m\u00fcssen. CILAJ-Bio-\u00d6l ist so sauber, dass es mit anderen Brennstoffarten mischbar ist.<\/p>\n<h4>CILAJ liefert Bio-Brennstoff an private Haushalte, Bildungseinrichtungen, Unternehmen und Heizkraftwerke im ganzen Land.<\/h4>\n<\/div><\/div> \n\n<\/div> \n<\/div>","protected":false},"excerpt":{"rendered":"<p>\u00dcber Bio-\u00d6lBio-\u00d6l ist ein nachhaltiger, erneuerbarer, umweltfreundlicher und preiswerter Biobrennstoff f\u00fcr \u00d6lheizungsanlagen Abgesehen davon, dass Bio-\u00d6l umweltfreundlicher ist als alternative fossile Brennstoffe, l\u00e4sst sich bei einem Umstieg auf Biobrennstoff f\u00fcr Ihre \u00d6lheizung bares Geld sparen. Erneuerbare Energie Bio-\u00d6l von CILAJ ist ein Biokraftstoff der zweiten Generation, hergestellt aus den letzten, f\u00fcr den menschlichen Verzehr ungeeigneten [&hellip;]<\/p>\n","protected":false},"author":2,"featured_media":0,"parent":0,"menu_order":0,"comment_status":"closed","ping_status":"closed","template":"page-sidebar-right.php","meta":{"footnotes":""},"class_list":["post-399","page","type-page","status-publish","hentry"],"yoast_head":"<!-- This site is optimized with the Yoast SEO Premium plugin v27.3 (Yoast SEO v27.3) - https:\/\/yoast.com\/product\/yoast-seo-premium-wordpress\/ -->\n<title>\u00dcber Bio-\u00d6l - Cilaj-Energi<\/title>\n<meta name=\"robots\" content=\"index, follow, max-snippet:-1, max-image-preview:large, max-video-preview:-1\" \/>\n<link rel=\"canonical\" href=\"https:\/\/cilaj-energi.dk\/de\/ueber-bio-oel\/\" \/>\n<meta property=\"og:locale\" content=\"de_DE\" \/>\n<meta property=\"og:type\" content=\"article\" \/>\n<meta property=\"og:title\" content=\"\u00dcber Bio-\u00d6l\" \/>\n<meta property=\"og:description\" content=\"\u00dcber Bio-\u00d6lBio-\u00d6l ist ein nachhaltiger, erneuerbarer, umweltfreundlicher und preiswerter Biobrennstoff f\u00fcr \u00d6lheizungsanlagen Abgesehen davon, dass Bio-\u00d6l umweltfreundlicher ist als alternative fossile Brennstoffe, l\u00e4sst sich bei einem Umstieg auf Biobrennstoff f\u00fcr Ihre \u00d6lheizung bares Geld sparen. Erneuerbare Energie Bio-\u00d6l von CILAJ ist ein Biokraftstoff der zweiten Generation, hergestellt aus den letzten, f\u00fcr den menschlichen Verzehr ungeeigneten [&hellip;]\" \/>\n<meta property=\"og:url\" content=\"https:\/\/cilaj-energi.dk\/de\/ueber-bio-oel\/\" \/>\n<meta property=\"og:site_name\" content=\"Cilaj-Energi\" \/>\n<meta property=\"article:modified_time\" content=\"2016-02-15T11:56:42+00:00\" \/>\n<meta name=\"twitter:card\" content=\"summary_large_image\" \/>\n<script type=\"application\/ld+json\" class=\"yoast-schema-graph\">{\"@context\":\"https:\\\/\\\/schema.org\",\"@graph\":[{\"@type\":\"WebPage\",\"@id\":\"https:\\\/\\\/cilaj-energi.dk\\\/de\\\/ueber-bio-oel\\\/\",\"url\":\"https:\\\/\\\/cilaj-energi.dk\\\/de\\\/ueber-bio-oel\\\/\",\"name\":\"\u00dcber Bio-\u00d6l - Cilaj-Energi\",\"isPartOf\":{\"@id\":\"https:\\\/\\\/cilaj-energi.dk\\\/#website\"},\"datePublished\":\"2015-12-11T07:44:53+00:00\",\"dateModified\":\"2016-02-15T11:56:42+00:00\",\"breadcrumb\":{\"@id\":\"https:\\\/\\\/cilaj-energi.dk\\\/de\\\/ueber-bio-oel\\\/#breadcrumb\"},\"inLanguage\":\"de\",\"potentialAction\":[{\"@type\":\"ReadAction\",\"target\":[\"https:\\\/\\\/cilaj-energi.dk\\\/de\\\/ueber-bio-oel\\\/\"]}]},{\"@type\":\"BreadcrumbList\",\"@id\":\"https:\\\/\\\/cilaj-energi.dk\\\/de\\\/ueber-bio-oel\\\/#breadcrumb\",\"itemListElement\":[{\"@type\":\"ListItem\",\"position\":1,\"name\":\"Hjem\",\"item\":\"https:\\\/\\\/cilaj-energi.dk\\\/de\\\/\"},{\"@type\":\"ListItem\",\"position\":2,\"name\":\"\u00dcber Bio-\u00d6l\"}]},{\"@type\":\"WebSite\",\"@id\":\"https:\\\/\\\/cilaj-energi.dk\\\/#website\",\"url\":\"https:\\\/\\\/cilaj-energi.dk\\\/\",\"name\":\"Cilaj-Energi\",\"description\":\"Bioenergi\",\"publisher\":{\"@id\":\"https:\\\/\\\/cilaj-energi.dk\\\/#organization\"},\"potentialAction\":[{\"@type\":\"SearchAction\",\"target\":{\"@type\":\"EntryPoint\",\"urlTemplate\":\"https:\\\/\\\/cilaj-energi.dk\\\/?s={search_term_string}\"},\"query-input\":{\"@type\":\"PropertyValueSpecification\",\"valueRequired\":true,\"valueName\":\"search_term_string\"}}],\"inLanguage\":\"de\"},{\"@type\":\"Organization\",\"@id\":\"https:\\\/\\\/cilaj-energi.dk\\\/#organization\",\"name\":\"Cilaj Energi\",\"url\":\"https:\\\/\\\/cilaj-energi.dk\\\/\",\"logo\":{\"@type\":\"ImageObject\",\"inLanguage\":\"de\",\"@id\":\"https:\\\/\\\/cilaj-energi.dk\\\/#\\\/schema\\\/logo\\\/image\\\/\",\"url\":\"https:\\\/\\\/cilaj-energi.dk\\\/wp-content\\\/uploads\\\/2015\\\/12\\\/Logo_small.png\",\"contentUrl\":\"https:\\\/\\\/cilaj-energi.dk\\\/wp-content\\\/uploads\\\/2015\\\/12\\\/Logo_small.png\",\"width\":125,\"height\":99,\"caption\":\"Cilaj Energi\"},\"image\":{\"@id\":\"https:\\\/\\\/cilaj-energi.dk\\\/#\\\/schema\\\/logo\\\/image\\\/\"}}]}<\/script>\n<!-- \/ Yoast SEO Premium plugin. -->","yoast_head_json":{"title":"\u00dcber Bio-\u00d6l - Cilaj-Energi","robots":{"index":"index","follow":"follow","max-snippet":"max-snippet:-1","max-image-preview":"max-image-preview:large","max-video-preview":"max-video-preview:-1"},"canonical":"https:\/\/cilaj-energi.dk\/de\/ueber-bio-oel\/","og_locale":"de_DE","og_type":"article","og_title":"\u00dcber Bio-\u00d6l","og_description":"\u00dcber Bio-\u00d6lBio-\u00d6l ist ein nachhaltiger, erneuerbarer, umweltfreundlicher und preiswerter Biobrennstoff f\u00fcr \u00d6lheizungsanlagen Abgesehen davon, dass Bio-\u00d6l umweltfreundlicher ist als alternative fossile Brennstoffe, l\u00e4sst sich bei einem Umstieg auf Biobrennstoff f\u00fcr Ihre \u00d6lheizung bares Geld sparen. Erneuerbare Energie Bio-\u00d6l von CILAJ ist ein Biokraftstoff der zweiten Generation, hergestellt aus den letzten, f\u00fcr den menschlichen Verzehr ungeeigneten [&hellip;]","og_url":"https:\/\/cilaj-energi.dk\/de\/ueber-bio-oel\/","og_site_name":"Cilaj-Energi","article_modified_time":"2016-02-15T11:56:42+00:00","twitter_card":"summary_large_image","schema":{"@context":"https:\/\/schema.org","@graph":[{"@type":"WebPage","@id":"https:\/\/cilaj-energi.dk\/de\/ueber-bio-oel\/","url":"https:\/\/cilaj-energi.dk\/de\/ueber-bio-oel\/","name":"\u00dcber Bio-\u00d6l - Cilaj-Energi","isPartOf":{"@id":"https:\/\/cilaj-energi.dk\/#website"},"datePublished":"2015-12-11T07:44:53+00:00","dateModified":"2016-02-15T11:56:42+00:00","breadcrumb":{"@id":"https:\/\/cilaj-energi.dk\/de\/ueber-bio-oel\/#breadcrumb"},"inLanguage":"de","potentialAction":[{"@type":"ReadAction","target":["https:\/\/cilaj-energi.dk\/de\/ueber-bio-oel\/"]}]},{"@type":"BreadcrumbList","@id":"https:\/\/cilaj-energi.dk\/de\/ueber-bio-oel\/#breadcrumb","itemListElement":[{"@type":"ListItem","position":1,"name":"Hjem","item":"https:\/\/cilaj-energi.dk\/de\/"},{"@type":"ListItem","position":2,"name":"\u00dcber Bio-\u00d6l"}]},{"@type":"WebSite","@id":"https:\/\/cilaj-energi.dk\/#website","url":"https:\/\/cilaj-energi.dk\/","name":"Cilaj-Energi","description":"Bioenergi","publisher":{"@id":"https:\/\/cilaj-energi.dk\/#organization"},"potentialAction":[{"@type":"SearchAction","target":{"@type":"EntryPoint","urlTemplate":"https:\/\/cilaj-energi.dk\/?s={search_term_string}"},"query-input":{"@type":"PropertyValueSpecification","valueRequired":true,"valueName":"search_term_string"}}],"inLanguage":"de"},{"@type":"Organization","@id":"https:\/\/cilaj-energi.dk\/#organization","name":"Cilaj Energi","url":"https:\/\/cilaj-energi.dk\/","logo":{"@type":"ImageObject","inLanguage":"de","@id":"https:\/\/cilaj-energi.dk\/#\/schema\/logo\/image\/","url":"https:\/\/cilaj-energi.dk\/wp-content\/uploads\/2015\/12\/Logo_small.png","contentUrl":"https:\/\/cilaj-energi.dk\/wp-content\/uploads\/2015\/12\/Logo_small.png","width":125,"height":99,"caption":"Cilaj Energi"},"image":{"@id":"https:\/\/cilaj-energi.dk\/#\/schema\/logo\/image\/"}}]}},"_links":{"self":[{"href":"https:\/\/cilaj-energi.dk\/de\/wp-json\/wp\/v2\/pages\/399","targetHints":{"allow":["GET"]}}],"collection":[{"href":"https:\/\/cilaj-energi.dk\/de\/wp-json\/wp\/v2\/pages"}],"about":[{"href":"https:\/\/cilaj-energi.dk\/de\/wp-json\/wp\/v2\/types\/page"}],"author":[{"embeddable":true,"href":"https:\/\/cilaj-energi.dk\/de\/wp-json\/wp\/v2\/users\/2"}],"replies":[{"embeddable":true,"href":"https:\/\/cilaj-energi.dk\/de\/wp-json\/wp\/v2\/comments?post=399"}],"version-history":[{"count":3,"href":"https:\/\/cilaj-energi.dk\/de\/wp-json\/wp\/v2\/pages\/399\/revisions"}],"predecessor-version":[{"id":472,"href":"https:\/\/cilaj-energi.dk\/de\/wp-json\/wp\/v2\/pages\/399\/revisions\/472"}],"wp:attachment":[{"href":"https:\/\/cilaj-energi.dk\/de\/wp-json\/wp\/v2\/media?parent=399"}],"curies":[{"name":"wp","href":"https:\/\/api.w.org\/{rel}","templated":true}]}}