{"id":395,"date":"2015-12-10T13:25:43","date_gmt":"2015-12-10T13:25:43","guid":{"rendered":"https:\/\/cilaj-energi.dk\/de\/om-os\/"},"modified":"2016-02-15T11:53:39","modified_gmt":"2016-02-15T11:53:39","slug":"ueber_uns","status":"publish","type":"page","link":"https:\/\/cilaj-energi.dk\/de\/ueber_uns\/","title":{"rendered":"\u00dcber uns"},"content":{"rendered":"<div  class=\"ui--animation-in make--fx--appear ui--pass clearfix\" data-fx=\"fx--appear\" data-delay=\"150\" data-start-delay=\"0\"><h1 id=\"custom-title-h1-1\" class=\"ui--animation \" style=\"\">\u00dcber uns<\/h1><div class=\"ui-row row\">\n <div   class=\"ui-column span6\"><div class=\"auto-format ui--animation\"><h4>CILAJ ist ein Familienunternehmen, das CO2-neutrale Biobrennstoffe liefert.<br \/>\n <\/h4>\n<p>Das Unternehmen wurde von Peter M\u00f8ller Nielsen gegr\u00fcndet \u2013 f\u00fcr ihn war CILAJ von Anfang an ein sehr pers\u00f6nliches Projekt und so steht der Firmengr\u00fcnder mit seinen 28 Jahren Branchenerfahrung mit \u00dcberzeugung f\u00fcr Qualit\u00e4t, Preise und nicht zuletzt Nachhaltigkeit seiner CILAJ-Produkte ein.<\/p>\n<\/div><\/div> \n\n <div   class=\"ui-column span6\"><div class=\"auto-format ui--animation\"><p>Neben Gesch\u00e4ftsf\u00fchrer Peter M\u00f8ller Nielsen geh\u00f6ren zum Mitarbeiterstab des Unternehmens Johanne M\u00f8ller Berg, Alexander M\u00f8ller Berg und Nichlas Berg. Alle drei sind in und mit diesem Familienbetrieb gro\u00df geworden und damit ausgesprochen engagiert und kompetent.<\/p>\n<p>Das A und O f\u00fcr den Betrieb ist, dass die hergestellten Bio-\u00d6le biologisch-organischer Herkunft sind.<\/p>\n<\/div><\/div> \n\n<\/div> \n<div  class=\"ui--space clearfix\" data-responsive=\"{&quot;css&quot;:{&quot;height&quot;:{&quot;phone&quot;:null,&quot;tablet&quot;:null,&quot;widescreen&quot;:null}}}\"><\/div><div  class=\"ui--animation-in make--fx--appear ui--pass clearfix\" data-fx=\"fx--appear\" data-delay=\"150\" data-start-delay=\"0\"><div class=\"ui-row row\">\n <div   class=\"ui-column span6\"><div class=\"text-center\"><div  class=\"ui--tagline-box-wrapper ui--animation clearfix\"><div  id=\"tagline-1\" class=\"ui--tagline-box ui-row clearfix ui--tagline-box-custom-color no-radius\" data-responsive=\"{&quot;css&quot;:{&quot;min-height&quot;:{&quot;phone&quot;:&quot;auto&quot;,&quot;tablet&quot;:&quot;auto&quot;,&quot;widescreen&quot;:&quot;&quot;}}}\"><div  class=\"ui--tagline-background-container ui--tagline-background-overlay no-radius\"><\/div><div  class=\"ui--tagline-background-container ui--tagline-background-image no-radius\"><\/div><div  class=\"ui--tagline-content\"><div  class=\"ui--space clearfix\" style=\"height: 150px;\" data-responsive=\"{&quot;css&quot;:{&quot;height&quot;:{&quot;phone&quot;:null,&quot;tablet&quot;:null,&quot;widescreen&quot;:&quot;150px&quot;}}}\"><\/div><h3 id=\"custom-title-h3-1\" class=\"ui--animation \" style=\"\">Tankanlage<\/h3><div class=\"auto-format ui--animation\"><p>F\u00fcr alle unsere Produkte besteht die M\u00f6glichkeit der Lagerung. So k\u00f6nnen wir das \u00d6l f\u00fcr Sie in einer unserer Tankanlagen in Spjald oder N\u00e6stved lagern.<\/p>\n<\/div><\/div><\/div><\/div><\/div><\/div> \n\n <div   class=\"ui-column span6\"><div class=\"text-center\"><div  class=\"ui--tagline-box-wrapper ui--animation clearfix\"><div  id=\"tagline-2\" class=\"ui--tagline-box ui-row clearfix ui--tagline-box-custom-color no-radius\" data-responsive=\"{&quot;css&quot;:{&quot;min-height&quot;:{&quot;phone&quot;:&quot;auto&quot;,&quot;tablet&quot;:&quot;auto&quot;,&quot;widescreen&quot;:&quot;&quot;}}}\"><div  class=\"ui--tagline-background-container ui--tagline-background-overlay no-radius\"><\/div><div  class=\"ui--tagline-background-container ui--tagline-background-image no-radius\"><\/div><div  class=\"ui--tagline-content\"><div  class=\"ui--space clearfix\" style=\"height: 150px;\" data-responsive=\"{&quot;css&quot;:{&quot;height&quot;:{&quot;phone&quot;:null,&quot;tablet&quot;:null,&quot;widescreen&quot;:&quot;150px&quot;}}}\"><\/div><h3 id=\"custom-title-h3-2\" class=\"ui--animation \" style=\"\">Biobetriebenes Heizkraftwerk<\/h3><div class=\"auto-format ui--animation\"><p>Unser Heizkraftwerk erzeugt Strom und W\u00e4rme \u2013 ausschlie\u00dflich aus Bio-\u00d6l und mit einem sehr hohen Wirkungsgrad. Unsere Tankanlagen und unsere anderen Geb\u00e4ude und Einrichtungen werden mit unserem eigenen Bio-\u00d6l beheizt.<\/p>\n<\/div><\/div><\/div><\/div><\/div><\/div> \n\n<\/div> \n<\/div><div  class=\"ui--toggle ui--animation clearfix ui--toggle-state-closed\"><div class=\"ui--toggle-title\"><a href=\"javascript:;\"><span class=\"ui--toggle-icon\"><i class=\"ui--icon show-when-closed fontawesome-plus\"><\/i><i class=\"ui--icon show-when-opened fontawesome-minus\"><\/i><\/span><span class=\"ui--toggle-title-text heading\">Geschichte<\/span><\/a><\/div><div class=\"ui--toggle-content\"><div class=\"ui-row row\">\n <div   class=\"ui-column span6\"><div class=\"auto-format ui--animation\"><p>Die Familie M\u00f8ller Nielsen begann sich w\u00e4hrend der \u00d6lkrise in den 1970er Jahren f\u00fcr alternative Energiequellen zu interessieren und machte sich auf die Suche nach allem Brennbaren zum Befeuern der Stokeranlage. Anfang der 1980er Jahre berichtete ein entfernter Verwandter aus Kanada, dass man dort mit Raps\u00f6l heizte. Das wurde dann auch zu Hause in Harbo\u00f8re versucht \u2013 mit durchschlagendem Erfolg.<\/p>\n<p><strong>Kontakt zum Heizkraftwerk<\/strong><br \/>\nIm Nachbarort Thybor\u00f8n verwendete man in der Fischverarbeitung Industriefisch zum Beheizen der Fabriken, doch ging der Gro\u00dfteil der vielen Tonnen von verdorbenem Fisch, der bei der Heimkehr der Schiffe nach drei Wochen auf See in den Lader\u00e4umen lag, einfach verloren. Peter M\u00f8ller Nielsen fand diese Verschwendung nicht gut.<\/p>\n<p>\u00dcberzeugt vom hohen Brennwert des Fisch\u00f6ls und ermuntert durch die Erfahrungen von seiner eigenen Heizung nahm Peter M\u00f8ller Nielsen Kontakt zum Heizkraftwerk Dronninglund auf. \u201eW\u00e4re es nicht einen Versuch wert, eine alternative Energiequelle zum halben Preis von fossilem Brennstoff zu probieren?\u201c Peter M\u00f8ller Nielsen ging dieses \u00f6konomische Risiko ein. Er war sich seiner Sache ganz sicher.<\/p>\n<p><strong>CILAJ wurde gegr\u00fcndet<\/strong><br \/>\nAm 7. Mai 1987 erhielt das Heizkraftwerk Dronninglund seine erste Lieferung. Am Abend rief ein begeisterter Werksmeister an und berichtete, dass das Fisch\u00f6l hervorragend funktionierte. CILAJ Energie wurde Wirklichkeit.<\/p>\n<p>Die Neuigkeit machte die Runde. Schon bald vermittelte Peter M\u00f8ller Nielsen Bio-\u00d6l an Heizkraftwerke im ganzen Land. Peter M\u00f8ller Nielsen behielt seinen Shipping-Job bei Cheminova noch einige Jahre, w\u00e4hrend er in den Morgenstunden zwischen 7 und 9 Uhr CILAJ aufbaute.<\/p>\n<p>Gl\u00fccklicherweise entwickelte sich die Fischindustrie weiter und lernte es, die eigenen Rohstoffe besser zu nutzen. Die Kutter konnten l\u00e4nger drau\u00dfen bleiben und Fisch in besserem Zustand anlanden. Gleichzeitig trug die Forschung auf dem Gebiet der Herz-Kreislauf-Erkrankungen zu einer steigenden Nachfrage nach gutem Fisch\u00f6l als vorbeugendes Mittel bei.<\/p>\n<\/div><\/div> \n\n <div   class=\"ui-column span6\"><div class=\"ui--image-wrap clearfix\" style=\"margin-bottom: 25px;\"><a href=\"https:\/\/cilaj-energi.dk\/wp-content\/uploads\/2016\/01\/Peter_Moeller_Nielsen.jpg\" data-rel=\"prettyPhoto\"><img loading=\"lazy\" decoding=\"async\" width=\"1000\" height=\"676\" src=\"https:\/\/cilaj-energi.dk\/wp-content\/uploads\/2016\/01\/Peter_Moeller_Nielsen.jpg\" class=\"ui--image ui--animation\" alt=\"Peter M\u00f8ller Nielsen\" title=\"Peter M\u00f8ller Nielsen\" id=\"ui--image-1\" srcset=\"https:\/\/cilaj-energi.dk\/wp-content\/uploads\/2016\/01\/Peter_Moeller_Nielsen.jpg 1000w, https:\/\/cilaj-energi.dk\/wp-content\/uploads\/2016\/01\/Peter_Moeller_Nielsen-300x203.jpg 300w, https:\/\/cilaj-energi.dk\/wp-content\/uploads\/2016\/01\/Peter_Moeller_Nielsen-768x519.jpg 768w\" sizes=\"auto, (max-width: 1000px) 100vw, 1000px\" \/><\/a><\/div><div class=\"auto-format ui--animation\"><p>Sowohl Fisch\u00f6l als auch Pflanzen\u00f6le bestehen zu zwei bis drei Prozent immer aus nat\u00fcrlichen Fetts\u00e4uren, die aus Geschmacksgr\u00fcnden entfernt werden m\u00fcssen. Die Rede ist von der sehr unangenehm ranzig riechenden  Butters\u00e4ure. Sie schmeckt ekelhaft, brennt aber ausgezeichnet.<br \/>\nAuf dem internationalen Warenmarkt sind auch immer Nebenprodukte im Handel.<br \/>\nCILAJ nimmt diejenigen ab, die am besten brennen.<\/p>\n<p><strong>Hier liegt die Zukunft<\/strong><br \/>\nAngetrieben vom Gedanken an noch bessere Alternativen zu den begrenzten, umweltsch\u00e4dlichen und teuren fossilen Brennstoffen entwickelte und baute CILAJ 1995 auf eigene Kosten ein Versuchsheizkraftwerk in Spjald. Hier wird W\u00e4rme und Elektrizit\u00e4t mit sehr hoher Energieausbeute erzeugt \u2013 bei stark reduziertem CO2-Aussto\u00df und ohne Abfluss von Schwefels\u00e4ure ins Regenwasser.<\/p>\n<p>Darin sieht CILAJ die Zukunft.<\/p>\n<p>CILAJ hat im Laufe der Jahre einen Kundenkreis aufgebaut, der sowohl \u00f6ffentliche Einrichtungen, Unternehmen als auch private Haushalte umfasst.<\/p>\n<\/div><\/div> \n\n<\/div> \n<\/div><\/div><\/div>","protected":false},"excerpt":{"rendered":"<p>\u00dcber uns CILAJ ist ein Familienunternehmen, das CO2-neutrale Biobrennstoffe liefert. Das Unternehmen wurde von Peter M\u00f8ller Nielsen gegr\u00fcndet \u2013 f\u00fcr ihn war CILAJ von Anfang an ein sehr pers\u00f6nliches Projekt und so steht der Firmengr\u00fcnder mit seinen 28 Jahren Branchenerfahrung mit \u00dcberzeugung f\u00fcr Qualit\u00e4t, Preise und nicht zuletzt Nachhaltigkeit seiner CILAJ-Produkte ein. Neben Gesch\u00e4ftsf\u00fchrer Peter [&hellip;]<\/p>\n","protected":false},"author":2,"featured_media":0,"parent":0,"menu_order":0,"comment_status":"closed","ping_status":"closed","template":"page-sidebar-right.php","meta":{"footnotes":""},"class_list":["post-395","page","type-page","status-publish","hentry"],"yoast_head":"<!-- This site is optimized with the Yoast SEO Premium plugin v27.4 (Yoast SEO v27.4) - https:\/\/yoast.com\/product\/yoast-seo-premium-wordpress\/ -->\n<title>\u00dcber uns - Cilaj-Energi<\/title>\n<meta name=\"robots\" content=\"index, follow, max-snippet:-1, max-image-preview:large, max-video-preview:-1\" \/>\n<link rel=\"canonical\" href=\"https:\/\/cilaj-energi.dk\/de\/ueber_uns\/\" \/>\n<meta property=\"og:locale\" content=\"de_DE\" \/>\n<meta property=\"og:type\" content=\"article\" \/>\n<meta property=\"og:title\" content=\"\u00dcber uns\" \/>\n<meta property=\"og:description\" content=\"\u00dcber uns CILAJ ist ein Familienunternehmen, das CO2-neutrale Biobrennstoffe liefert. Das Unternehmen wurde von Peter M\u00f8ller Nielsen gegr\u00fcndet \u2013 f\u00fcr ihn war CILAJ von Anfang an ein sehr pers\u00f6nliches Projekt und so steht der Firmengr\u00fcnder mit seinen 28 Jahren Branchenerfahrung mit \u00dcberzeugung f\u00fcr Qualit\u00e4t, Preise und nicht zuletzt Nachhaltigkeit seiner CILAJ-Produkte ein. Neben Gesch\u00e4ftsf\u00fchrer Peter [&hellip;]\" \/>\n<meta property=\"og:url\" content=\"https:\/\/cilaj-energi.dk\/de\/ueber_uns\/\" \/>\n<meta property=\"og:site_name\" content=\"Cilaj-Energi\" \/>\n<meta property=\"article:modified_time\" content=\"2016-02-15T11:53:39+00:00\" \/>\n<meta name=\"twitter:card\" content=\"summary_large_image\" \/>\n<script type=\"application\/ld+json\" class=\"yoast-schema-graph\">{\"@context\":\"https:\\\/\\\/schema.org\",\"@graph\":[{\"@type\":\"WebPage\",\"@id\":\"https:\\\/\\\/cilaj-energi.dk\\\/de\\\/ueber_uns\\\/\",\"url\":\"https:\\\/\\\/cilaj-energi.dk\\\/de\\\/ueber_uns\\\/\",\"name\":\"\u00dcber uns - Cilaj-Energi\",\"isPartOf\":{\"@id\":\"https:\\\/\\\/cilaj-energi.dk\\\/#website\"},\"datePublished\":\"2015-12-10T13:25:43+00:00\",\"dateModified\":\"2016-02-15T11:53:39+00:00\",\"breadcrumb\":{\"@id\":\"https:\\\/\\\/cilaj-energi.dk\\\/de\\\/ueber_uns\\\/#breadcrumb\"},\"inLanguage\":\"de\",\"potentialAction\":[{\"@type\":\"ReadAction\",\"target\":[\"https:\\\/\\\/cilaj-energi.dk\\\/de\\\/ueber_uns\\\/\"]}]},{\"@type\":\"BreadcrumbList\",\"@id\":\"https:\\\/\\\/cilaj-energi.dk\\\/de\\\/ueber_uns\\\/#breadcrumb\",\"itemListElement\":[{\"@type\":\"ListItem\",\"position\":1,\"name\":\"Hjem\",\"item\":\"https:\\\/\\\/cilaj-energi.dk\\\/de\\\/\"},{\"@type\":\"ListItem\",\"position\":2,\"name\":\"\u00dcber uns\"}]},{\"@type\":\"WebSite\",\"@id\":\"https:\\\/\\\/cilaj-energi.dk\\\/#website\",\"url\":\"https:\\\/\\\/cilaj-energi.dk\\\/\",\"name\":\"Cilaj-Energi\",\"description\":\"Bioenergi\",\"publisher\":{\"@id\":\"https:\\\/\\\/cilaj-energi.dk\\\/#organization\"},\"potentialAction\":[{\"@type\":\"SearchAction\",\"target\":{\"@type\":\"EntryPoint\",\"urlTemplate\":\"https:\\\/\\\/cilaj-energi.dk\\\/?s={search_term_string}\"},\"query-input\":{\"@type\":\"PropertyValueSpecification\",\"valueRequired\":true,\"valueName\":\"search_term_string\"}}],\"inLanguage\":\"de\"},{\"@type\":\"Organization\",\"@id\":\"https:\\\/\\\/cilaj-energi.dk\\\/#organization\",\"name\":\"Cilaj Energi\",\"url\":\"https:\\\/\\\/cilaj-energi.dk\\\/\",\"logo\":{\"@type\":\"ImageObject\",\"inLanguage\":\"de\",\"@id\":\"https:\\\/\\\/cilaj-energi.dk\\\/#\\\/schema\\\/logo\\\/image\\\/\",\"url\":\"https:\\\/\\\/cilaj-energi.dk\\\/wp-content\\\/uploads\\\/2015\\\/12\\\/Logo_small.png\",\"contentUrl\":\"https:\\\/\\\/cilaj-energi.dk\\\/wp-content\\\/uploads\\\/2015\\\/12\\\/Logo_small.png\",\"width\":125,\"height\":99,\"caption\":\"Cilaj Energi\"},\"image\":{\"@id\":\"https:\\\/\\\/cilaj-energi.dk\\\/#\\\/schema\\\/logo\\\/image\\\/\"}}]}<\/script>\n<!-- \/ Yoast SEO Premium plugin. -->","yoast_head_json":{"title":"\u00dcber uns - Cilaj-Energi","robots":{"index":"index","follow":"follow","max-snippet":"max-snippet:-1","max-image-preview":"max-image-preview:large","max-video-preview":"max-video-preview:-1"},"canonical":"https:\/\/cilaj-energi.dk\/de\/ueber_uns\/","og_locale":"de_DE","og_type":"article","og_title":"\u00dcber uns","og_description":"\u00dcber uns CILAJ ist ein Familienunternehmen, das CO2-neutrale Biobrennstoffe liefert. Das Unternehmen wurde von Peter M\u00f8ller Nielsen gegr\u00fcndet \u2013 f\u00fcr ihn war CILAJ von Anfang an ein sehr pers\u00f6nliches Projekt und so steht der Firmengr\u00fcnder mit seinen 28 Jahren Branchenerfahrung mit \u00dcberzeugung f\u00fcr Qualit\u00e4t, Preise und nicht zuletzt Nachhaltigkeit seiner CILAJ-Produkte ein. Neben Gesch\u00e4ftsf\u00fchrer Peter [&hellip;]","og_url":"https:\/\/cilaj-energi.dk\/de\/ueber_uns\/","og_site_name":"Cilaj-Energi","article_modified_time":"2016-02-15T11:53:39+00:00","twitter_card":"summary_large_image","schema":{"@context":"https:\/\/schema.org","@graph":[{"@type":"WebPage","@id":"https:\/\/cilaj-energi.dk\/de\/ueber_uns\/","url":"https:\/\/cilaj-energi.dk\/de\/ueber_uns\/","name":"\u00dcber uns - Cilaj-Energi","isPartOf":{"@id":"https:\/\/cilaj-energi.dk\/#website"},"datePublished":"2015-12-10T13:25:43+00:00","dateModified":"2016-02-15T11:53:39+00:00","breadcrumb":{"@id":"https:\/\/cilaj-energi.dk\/de\/ueber_uns\/#breadcrumb"},"inLanguage":"de","potentialAction":[{"@type":"ReadAction","target":["https:\/\/cilaj-energi.dk\/de\/ueber_uns\/"]}]},{"@type":"BreadcrumbList","@id":"https:\/\/cilaj-energi.dk\/de\/ueber_uns\/#breadcrumb","itemListElement":[{"@type":"ListItem","position":1,"name":"Hjem","item":"https:\/\/cilaj-energi.dk\/de\/"},{"@type":"ListItem","position":2,"name":"\u00dcber uns"}]},{"@type":"WebSite","@id":"https:\/\/cilaj-energi.dk\/#website","url":"https:\/\/cilaj-energi.dk\/","name":"Cilaj-Energi","description":"Bioenergi","publisher":{"@id":"https:\/\/cilaj-energi.dk\/#organization"},"potentialAction":[{"@type":"SearchAction","target":{"@type":"EntryPoint","urlTemplate":"https:\/\/cilaj-energi.dk\/?s={search_term_string}"},"query-input":{"@type":"PropertyValueSpecification","valueRequired":true,"valueName":"search_term_string"}}],"inLanguage":"de"},{"@type":"Organization","@id":"https:\/\/cilaj-energi.dk\/#organization","name":"Cilaj Energi","url":"https:\/\/cilaj-energi.dk\/","logo":{"@type":"ImageObject","inLanguage":"de","@id":"https:\/\/cilaj-energi.dk\/#\/schema\/logo\/image\/","url":"https:\/\/cilaj-energi.dk\/wp-content\/uploads\/2015\/12\/Logo_small.png","contentUrl":"https:\/\/cilaj-energi.dk\/wp-content\/uploads\/2015\/12\/Logo_small.png","width":125,"height":99,"caption":"Cilaj Energi"},"image":{"@id":"https:\/\/cilaj-energi.dk\/#\/schema\/logo\/image\/"}}]}},"_links":{"self":[{"href":"https:\/\/cilaj-energi.dk\/de\/wp-json\/wp\/v2\/pages\/395","targetHints":{"allow":["GET"]}}],"collection":[{"href":"https:\/\/cilaj-energi.dk\/de\/wp-json\/wp\/v2\/pages"}],"about":[{"href":"https:\/\/cilaj-energi.dk\/de\/wp-json\/wp\/v2\/types\/page"}],"author":[{"embeddable":true,"href":"https:\/\/cilaj-energi.dk\/de\/wp-json\/wp\/v2\/users\/2"}],"replies":[{"embeddable":true,"href":"https:\/\/cilaj-energi.dk\/de\/wp-json\/wp\/v2\/comments?post=395"}],"version-history":[{"count":4,"href":"https:\/\/cilaj-energi.dk\/de\/wp-json\/wp\/v2\/pages\/395\/revisions"}],"predecessor-version":[{"id":470,"href":"https:\/\/cilaj-energi.dk\/de\/wp-json\/wp\/v2\/pages\/395\/revisions\/470"}],"wp:attachment":[{"href":"https:\/\/cilaj-energi.dk\/de\/wp-json\/wp\/v2\/media?parent=395"}],"curies":[{"name":"wp","href":"https:\/\/api.w.org\/{rel}","templated":true}]}}