{"id":387,"date":"2015-12-10T13:24:57","date_gmt":"2015-12-10T13:24:57","guid":{"rendered":"https:\/\/cilaj-energi.dk\/de\/start\/"},"modified":"2020-02-21T10:13:55","modified_gmt":"2020-02-21T09:13:55","slug":"start","status":"publish","type":"page","link":"https:\/\/cilaj-energi.dk\/de\/","title":{"rendered":"Startseite"},"content":{"rendered":"<div  class=\"ui--animation-in make--fx--appear ui--pass clearfix\" data-fx=\"fx--appear\" data-delay=\"150\" data-start-delay=\"0\"><h1 id=\"custom-title-1\" class=\"ui--animation \" style=\"font-size: 38px; line-height: 40px; margin-bottom: 20px; \" >CILAJ ist Anbieter von Bio-\u00d6lund professioneller Beratung<\/h1><div  class=\"ui--animation-in make--fx--appear ui--pass clearfix\" data-fx=\"fx--appear\" data-delay=\"150\" data-start-delay=\"0\"><div class=\"ui-row row\">\n <div   class=\"ui-column span6\"><div  class=\"ui--tagline-box-wrapper ui--animation clearfix\" style=\"margin-top: 0px;\"><div  id=\"tagline-1\" class=\"ui--tagline-box ui-row clearfix ui--tagline-box-custom-color radius-6px\" data-responsive=\"{&quot;css&quot;:{&quot;min-height&quot;:{&quot;phone&quot;:&quot;auto&quot;,&quot;tablet&quot;:&quot;auto&quot;,&quot;widescreen&quot;:&quot;&quot;}}}\"><div  class=\"ui--tagline-background-container ui--tagline-background-overlay radius-6px\"><\/div><div  class=\"ui--tagline-background-container ui--tagline-background-image radius-6px\"><\/div><div  class=\"ui--tagline-content\"><div class=\"ui-row row\">\n <div   class=\"ui-column span4\"><div class=\"ui--image-wrap clearfix\" style=\"margin-bottom: 30px;\"><img loading=\"lazy\" decoding=\"async\" width=\"160\" height=\"160\" src=\"https:\/\/cilaj-energi.dk\/wp-content\/uploads\/2020\/02\/biobraendsel-salg.png\" class=\"ui--image ui--animation\" alt=\"Cilaj s\u00e6lger tre biobr\u00e6ndsel produkter: Bioolie, fyringsolie og frityreolie\" title=\"biobraendsel-salg\" id=\"ui--image-1\" \/><\/div><\/div> \n\n <div   class=\"ui-column span8\"><div  class=\"ui--space clearfix\" style=\"height: 30px;\" data-responsive=\"{&quot;css&quot;:{&quot;height&quot;:{&quot;phone&quot;:null,&quot;tablet&quot;:null,&quot;widescreen&quot;:&quot;30px&quot;}}}\"><\/div><h2 id=\"custom-title-h2-1\" class=\"ui--animation \" style=\"margin-bottom: 0px; \">VERKAUF VON<\/h2><h1 id=\"custom-title-h1-1\" class=\"ui--animation \" style=\"\"><strong>BIO-\u00d6L<\/strong><\/h1><\/div> \n\n<\/div> \n<div class=\"auto-format ui--animation\"><p>Wir vertreiben drei verschiedene Arten von Biobrennstoffen: Bio-\u00d6l, Bio-Heiz\u00f6l und Altspeise\u00f6l \u2013 nur von allerbester Qualit\u00e4t. Wir sorgen au\u00dferdem f\u00fcr die Lieferung der Produkte gem\u00e4\u00df der Vereinbarung mit dem Kunden.<\/p>\n<p>Unser Hauptprodukt ist Bio-\u00d6l f\u00fcr Heizungszwecke, doch erfahren Sie mehr im Men\u00fcpunkt Produkte.<\/p>\n<\/div><\/div><\/div><\/div><\/div> \n\n <div   class=\"ui-column span6\"><div  class=\"ui--tagline-box-wrapper ui--animation clearfix\" style=\"margin-top: 0px;\"><div  id=\"tagline-2\" class=\"ui--tagline-box ui-row clearfix ui--tagline-box-custom-color radius-6px\" data-responsive=\"{&quot;css&quot;:{&quot;min-height&quot;:{&quot;phone&quot;:&quot;auto&quot;,&quot;tablet&quot;:&quot;auto&quot;,&quot;widescreen&quot;:&quot;&quot;}}}\"><div  class=\"ui--tagline-background-container ui--tagline-background-overlay radius-6px\"><\/div><div  class=\"ui--tagline-background-container ui--tagline-background-image radius-6px\"><\/div><div  class=\"ui--tagline-content\"><div class=\"ui-row row\">\n <div   class=\"ui-column span4\"><div class=\"ui--image-wrap clearfix\" style=\"margin-bottom: 30px;  margin-right: -30px;\"><img loading=\"lazy\" decoding=\"async\" width=\"160\" height=\"160\" src=\"https:\/\/cilaj-energi.dk\/wp-content\/uploads\/2020\/02\/raadgivning-bioolie.png\" class=\"ui--image ui--animation\" alt=\"Professionel r\u00e5dgivning om biobr\u00e6ndsel - bioolie, fyringsolie og frityreolie\" title=\"raadgivning-bioolie\" id=\"ui--image-2\" \/><\/div><\/div> \n\n <div   class=\"ui-column span8\"><div  class=\"ui--space clearfix\" style=\"height: 8px;\" data-responsive=\"{&quot;css&quot;:{&quot;height&quot;:{&quot;phone&quot;:null,&quot;tablet&quot;:null,&quot;widescreen&quot;:&quot;8px&quot;}}}\"><\/div><h2 id=\"custom-title-h2-2\" class=\"ui--animation \" style=\"margin-bottom: 0px; \">BERATUNG IN FRAGEN<\/h2><h1 id=\"custom-title-h1-2\" class=\"ui--animation \" style=\"\"><strong>ERNEUERBARER ENERGIE<\/strong><\/h1><\/div> \n\n<\/div> \n<div class=\"auto-format ui--animation\"><p>Bei uns erhalten Sie fachkundige und professionelle Beratung zu unseren drei Produkten. Wir legen gro\u00dfen Wert auf Nachhaltigkeit \u2013 unsere Bio-\u00d6le sind biologisch-organischer Herkunft und daher umweltvertr\u00e4glich.<\/p>\n<p>Bio-\u00d6l als Brennstoff wird aus Tier- und Pflanzen\u00f6lr\u00fcckst\u00e4nden gewonnen.<\/p>\n<\/div><\/div><\/div><\/div><\/div> \n\n<\/div> \n<\/div><div class=\"ui-row row\">\n <div   class=\"ui-column span8\"><h1 id=\"custom-title-h1-3\" class=\"ui--animation \" style=\"margin-top: 30px; \">Die Vorteile liegen auf der Hand<\/h1><div  class=\"ui--icon-box position--left\" style=\"margin-bottom: 0px;\"><span class=\"ui--icon-box-icon ui--animation\"><i class=\"ui--icon icomoon-checkmark-3 icon-inline-block\" style=\"font-size: 18px;  width: 22px;  height: 22px;  color: #9dc806 !important;\"><\/i><\/span><div  class=\"ui--icon-box-content\"><h4 class=\"ui--icon-box-title ui--animation text-left\" data-fx=\"fx--no-effect\"><span >Hoher Brennwert<\/span><\/h4><\/div><\/div><div  class=\"ui--icon-box position--left\" style=\"margin-top: -10px;  margin-bottom: 0px;\"><span class=\"ui--icon-box-icon ui--animation\"><i class=\"ui--icon icomoon-checkmark-3 icon-inline-block\" style=\"font-size: 18px;  width: 22px;  height: 22px;  color: #9dc806 !important;\"><\/i><\/span><div  class=\"ui--icon-box-content\"><h4 class=\"ui--icon-box-title ui--animation text-left\" data-fx=\"fx--no-effect\"><span >Niedrige Kosten<\/span><\/h4><\/div><\/div><div  class=\"ui--icon-box position--left\" style=\"margin-top: -10px;  margin-bottom: 0px;\"><span class=\"ui--icon-box-icon ui--animation\"><i class=\"ui--icon icomoon-checkmark-3 icon-inline-block\" style=\"font-size: 18px;  width: 22px;  height: 22px;  color: #9dc806 !important;\"><\/i><\/span><div  class=\"ui--icon-box-content\"><h4 class=\"ui--icon-box-title ui--animation text-left\" data-fx=\"fx--no-effect\"><span >Nachhaltige und erneuerbare Energiequellen<\/span><\/h4><\/div><\/div><div  class=\"ui--icon-box position--left\" style=\"margin-top: -10px;  margin-bottom: 0px;\"><span class=\"ui--icon-box-icon ui--animation\"><i class=\"ui--icon icomoon-checkmark-3 icon-inline-block\" style=\"font-size: 18px;  width: 22px;  height: 22px;  color: #9dc806 !important;\"><\/i><\/span><div  class=\"ui--icon-box-content\"><h4 class=\"ui--icon-box-title ui--animation text-left\" data-fx=\"fx--no-effect\"><span >S\u00e4urefreie und CO2-neutrale Verbrennung<\/span><\/h4><\/div><\/div><div  class=\"ui--divider ui--animation clearfix ui--divider-solid-line\" style=\"margin-top: 30px;  margin-bottom: 30px;\"><\/div><div class=\"ui-row row\">\n <div   class=\"ui-column span4\"><div  class=\"ui--space clearfix\" style=\"height: 16px;\" data-responsive=\"{&quot;css&quot;:{&quot;height&quot;:{&quot;phone&quot;:null,&quot;tablet&quot;:null,&quot;widescreen&quot;:&quot;16px&quot;}}}\"><\/div><div class=\"auto-format ui--animation\"><p><a href=\"https:\/\/www.soliditet.dk\/lang\/da_DK\/RatingGuideline\" target=\"_blank\" style=\"text-decoration: none;\"><img decoding=\"async\" style=\"border:0px;\" oncontextmenu=\"return false\" title=\"Vi er en kreditv&aelig;rdig virksomhed baseret p&aring; Bisnodes kreditvurderingssystem. Vurderingen er foretaget ud fra en m&aelig;ngde forskellige beslutningsregler. Oplysningerne bliver opdateret dagligt via Bisnodes database. Kreditvurderingen af virksomheden er s&aring;ledes altid aktuel.\" alt=\"Vi er en kreditv&aelig;rdig virksomhed baseret p&aring; Bisnodes kreditvurderingssystem. Vurderingen er foretaget ud fra en m&aelig;ngde forskellige beslutningsregler. Oplysningerne bliver opdateret dagligt via Bisnodes database. Kreditvurderingen af virksomheden er s&aring;ledes altid aktuel.\" id=\"img_273_73_px_tr1\" src=\"https:\/\/merit.soliditet.dk\/merit\/imageGenerator\/display?lang=DK&#038;country=DK&#038;cId=LgtVxVXf3BE6GPV5h6JzvA%3D%3D&#038;cUid=v%2B2qd8NDKn0%3D&#038;imgType=img_273_73_px_tr1\" \/><\/a><\/p>\n<\/div><\/div> \n\n <div   class=\"ui-column span3\"><div class=\"ui--image-wrap clearfix\"><img loading=\"lazy\" decoding=\"async\" width=\"283\" height=\"117\" src=\"https:\/\/cilaj-energi.dk\/wp-content\/uploads\/2015\/12\/Gazelle_2002.png\" class=\"ui--image ui--animation\" alt=\"\" title=\"Gazelle_2002\" id=\"ui--image-3\" \/><\/div><\/div> \n\n <div   class=\"ui-column span3\"><div class=\"ui--image-wrap clearfix\"><img loading=\"lazy\" decoding=\"async\" width=\"350\" height=\"145\" src=\"https:\/\/cilaj-energi.dk\/wp-content\/uploads\/2015\/12\/Gazelle_2015.png\" class=\"ui--image ui--animation\" alt=\"\" title=\"Gazelle_2015\" id=\"ui--image-4\" srcset=\"https:\/\/cilaj-energi.dk\/wp-content\/uploads\/2015\/12\/Gazelle_2015.png 350w, https:\/\/cilaj-energi.dk\/wp-content\/uploads\/2015\/12\/Gazelle_2015-300x124.png 300w\" sizes=\"auto, (max-width: 350px) 100vw, 350px\" \/><\/div><\/div> \n\n<\/div><\/div> \n\n <div   class=\"ui-column span4\"><div class=\"ui-row row\">\n <div   class=\"ui-column span9\"><div class=\"ui--image-wrap clearfix\"><img loading=\"lazy\" decoding=\"async\" width=\"805\" height=\"1000\" src=\"https:\/\/cilaj-energi.dk\/wp-content\/uploads\/2015\/12\/Olietank.jpg\" class=\"ui--image ui--animation\" alt=\"Fordelene af bioolie\" id=\"ui--image-5\" srcset=\"https:\/\/cilaj-energi.dk\/wp-content\/uploads\/2015\/12\/Olietank.jpg 805w, https:\/\/cilaj-energi.dk\/wp-content\/uploads\/2015\/12\/Olietank-242x300.jpg 242w, https:\/\/cilaj-energi.dk\/wp-content\/uploads\/2015\/12\/Olietank-768x954.jpg 768w\" sizes=\"auto, (max-width: 805px) 100vw, 805px\" \/><\/div><\/div> \n\n<\/div> \n<div class=\"ui-row row\">\n <div   class=\"ui-column span10\"><div class=\"ui--image-wrap clearfix\"><a href=\"https:\/\/www.wwf.dk\/\" target=\"_blank\"><img loading=\"lazy\" decoding=\"async\" width=\"567\" height=\"283\" src=\"https:\/\/cilaj-energi.dk\/wp-content\/uploads\/2020\/02\/Webstottelogo-2020-1.png\" class=\"ui--image ui--animation\" alt=\"WWF\" title=\"Webstottelogo-2020\" id=\"ui--image-6\" \/><\/a><\/div><\/div> \n\n<\/div><\/div> \n\n<\/div> \n<\/div>","protected":false},"excerpt":{"rendered":"<p>CILAJ ist Anbieter von Bio-\u00d6lund professioneller Beratung VERKAUF VONBIO-\u00d6L Wir vertreiben drei verschiedene Arten von Biobrennstoffen: Bio-\u00d6l, Bio-Heiz\u00f6l und Altspeise\u00f6l \u2013 nur von allerbester Qualit\u00e4t. Wir sorgen au\u00dferdem f\u00fcr die Lieferung der Produkte gem\u00e4\u00df der Vereinbarung mit dem Kunden. Unser Hauptprodukt ist Bio-\u00d6l f\u00fcr Heizungszwecke, doch erfahren Sie mehr im Men\u00fcpunkt Produkte. BERATUNG IN FRAGENERNEUERBARER [&hellip;]<\/p>\n","protected":false},"author":2,"featured_media":0,"parent":0,"menu_order":0,"comment_status":"closed","ping_status":"closed","template":"page-sidebar-right.php","meta":{"footnotes":""},"class_list":["post-387","page","type-page","status-publish","hentry"],"yoast_head":"<!-- This site is optimized with the Yoast SEO Premium plugin v27.3 (Yoast SEO v27.3) - https:\/\/yoast.com\/product\/yoast-seo-premium-wordpress\/ -->\n<title>Startseite - Cilaj-Energi<\/title>\n<meta name=\"robots\" content=\"index, follow, max-snippet:-1, max-image-preview:large, max-video-preview:-1\" \/>\n<link rel=\"canonical\" href=\"https:\/\/cilaj-energi.dk\/de\/\" \/>\n<meta property=\"og:locale\" content=\"de_DE\" \/>\n<meta property=\"og:type\" content=\"article\" \/>\n<meta property=\"og:title\" content=\"Startseite\" \/>\n<meta property=\"og:description\" content=\"CILAJ ist Anbieter von Bio-\u00d6lund professioneller Beratung VERKAUF VONBIO-\u00d6L Wir vertreiben drei verschiedene Arten von Biobrennstoffen: Bio-\u00d6l, Bio-Heiz\u00f6l und Altspeise\u00f6l \u2013 nur von allerbester Qualit\u00e4t. Wir sorgen au\u00dferdem f\u00fcr die Lieferung der Produkte gem\u00e4\u00df der Vereinbarung mit dem Kunden. Unser Hauptprodukt ist Bio-\u00d6l f\u00fcr Heizungszwecke, doch erfahren Sie mehr im Men\u00fcpunkt Produkte. BERATUNG IN FRAGENERNEUERBARER [&hellip;]\" \/>\n<meta property=\"og:url\" content=\"https:\/\/cilaj-energi.dk\/de\/\" \/>\n<meta property=\"og:site_name\" content=\"Cilaj-Energi\" \/>\n<meta property=\"article:modified_time\" content=\"2020-02-21T09:13:55+00:00\" \/>\n<meta name=\"twitter:card\" content=\"summary_large_image\" \/>\n<script type=\"application\/ld+json\" class=\"yoast-schema-graph\">{\"@context\":\"https:\\\/\\\/schema.org\",\"@graph\":[{\"@type\":\"WebPage\",\"@id\":\"https:\\\/\\\/cilaj-energi.dk\\\/de\\\/\",\"url\":\"https:\\\/\\\/cilaj-energi.dk\\\/de\\\/\",\"name\":\"Startseite - Cilaj-Energi\",\"isPartOf\":{\"@id\":\"https:\\\/\\\/cilaj-energi.dk\\\/#website\"},\"datePublished\":\"2015-12-10T13:24:57+00:00\",\"dateModified\":\"2020-02-21T09:13:55+00:00\",\"breadcrumb\":{\"@id\":\"https:\\\/\\\/cilaj-energi.dk\\\/de\\\/#breadcrumb\"},\"inLanguage\":\"de\",\"potentialAction\":[{\"@type\":\"ReadAction\",\"target\":[\"https:\\\/\\\/cilaj-energi.dk\\\/de\\\/\"]}]},{\"@type\":\"BreadcrumbList\",\"@id\":\"https:\\\/\\\/cilaj-energi.dk\\\/de\\\/#breadcrumb\",\"itemListElement\":[{\"@type\":\"ListItem\",\"position\":1,\"name\":\"Hjem\",\"item\":\"https:\\\/\\\/cilaj-energi.dk\\\/de\\\/\"},{\"@type\":\"ListItem\",\"position\":2,\"name\":\"Startseite\"}]},{\"@type\":\"WebSite\",\"@id\":\"https:\\\/\\\/cilaj-energi.dk\\\/#website\",\"url\":\"https:\\\/\\\/cilaj-energi.dk\\\/\",\"name\":\"Cilaj-Energi\",\"description\":\"Bioenergi\",\"publisher\":{\"@id\":\"https:\\\/\\\/cilaj-energi.dk\\\/#organization\"},\"potentialAction\":[{\"@type\":\"SearchAction\",\"target\":{\"@type\":\"EntryPoint\",\"urlTemplate\":\"https:\\\/\\\/cilaj-energi.dk\\\/?s={search_term_string}\"},\"query-input\":{\"@type\":\"PropertyValueSpecification\",\"valueRequired\":true,\"valueName\":\"search_term_string\"}}],\"inLanguage\":\"de\"},{\"@type\":\"Organization\",\"@id\":\"https:\\\/\\\/cilaj-energi.dk\\\/#organization\",\"name\":\"Cilaj Energi\",\"url\":\"https:\\\/\\\/cilaj-energi.dk\\\/\",\"logo\":{\"@type\":\"ImageObject\",\"inLanguage\":\"de\",\"@id\":\"https:\\\/\\\/cilaj-energi.dk\\\/#\\\/schema\\\/logo\\\/image\\\/\",\"url\":\"https:\\\/\\\/cilaj-energi.dk\\\/wp-content\\\/uploads\\\/2015\\\/12\\\/Logo_small.png\",\"contentUrl\":\"https:\\\/\\\/cilaj-energi.dk\\\/wp-content\\\/uploads\\\/2015\\\/12\\\/Logo_small.png\",\"width\":125,\"height\":99,\"caption\":\"Cilaj Energi\"},\"image\":{\"@id\":\"https:\\\/\\\/cilaj-energi.dk\\\/#\\\/schema\\\/logo\\\/image\\\/\"}}]}<\/script>\n<!-- \/ Yoast SEO Premium plugin. -->","yoast_head_json":{"title":"Startseite - Cilaj-Energi","robots":{"index":"index","follow":"follow","max-snippet":"max-snippet:-1","max-image-preview":"max-image-preview:large","max-video-preview":"max-video-preview:-1"},"canonical":"https:\/\/cilaj-energi.dk\/de\/","og_locale":"de_DE","og_type":"article","og_title":"Startseite","og_description":"CILAJ ist Anbieter von Bio-\u00d6lund professioneller Beratung VERKAUF VONBIO-\u00d6L Wir vertreiben drei verschiedene Arten von Biobrennstoffen: Bio-\u00d6l, Bio-Heiz\u00f6l und Altspeise\u00f6l \u2013 nur von allerbester Qualit\u00e4t. Wir sorgen au\u00dferdem f\u00fcr die Lieferung der Produkte gem\u00e4\u00df der Vereinbarung mit dem Kunden. Unser Hauptprodukt ist Bio-\u00d6l f\u00fcr Heizungszwecke, doch erfahren Sie mehr im Men\u00fcpunkt Produkte. BERATUNG IN FRAGENERNEUERBARER [&hellip;]","og_url":"https:\/\/cilaj-energi.dk\/de\/","og_site_name":"Cilaj-Energi","article_modified_time":"2020-02-21T09:13:55+00:00","twitter_card":"summary_large_image","schema":{"@context":"https:\/\/schema.org","@graph":[{"@type":"WebPage","@id":"https:\/\/cilaj-energi.dk\/de\/","url":"https:\/\/cilaj-energi.dk\/de\/","name":"Startseite - Cilaj-Energi","isPartOf":{"@id":"https:\/\/cilaj-energi.dk\/#website"},"datePublished":"2015-12-10T13:24:57+00:00","dateModified":"2020-02-21T09:13:55+00:00","breadcrumb":{"@id":"https:\/\/cilaj-energi.dk\/de\/#breadcrumb"},"inLanguage":"de","potentialAction":[{"@type":"ReadAction","target":["https:\/\/cilaj-energi.dk\/de\/"]}]},{"@type":"BreadcrumbList","@id":"https:\/\/cilaj-energi.dk\/de\/#breadcrumb","itemListElement":[{"@type":"ListItem","position":1,"name":"Hjem","item":"https:\/\/cilaj-energi.dk\/de\/"},{"@type":"ListItem","position":2,"name":"Startseite"}]},{"@type":"WebSite","@id":"https:\/\/cilaj-energi.dk\/#website","url":"https:\/\/cilaj-energi.dk\/","name":"Cilaj-Energi","description":"Bioenergi","publisher":{"@id":"https:\/\/cilaj-energi.dk\/#organization"},"potentialAction":[{"@type":"SearchAction","target":{"@type":"EntryPoint","urlTemplate":"https:\/\/cilaj-energi.dk\/?s={search_term_string}"},"query-input":{"@type":"PropertyValueSpecification","valueRequired":true,"valueName":"search_term_string"}}],"inLanguage":"de"},{"@type":"Organization","@id":"https:\/\/cilaj-energi.dk\/#organization","name":"Cilaj Energi","url":"https:\/\/cilaj-energi.dk\/","logo":{"@type":"ImageObject","inLanguage":"de","@id":"https:\/\/cilaj-energi.dk\/#\/schema\/logo\/image\/","url":"https:\/\/cilaj-energi.dk\/wp-content\/uploads\/2015\/12\/Logo_small.png","contentUrl":"https:\/\/cilaj-energi.dk\/wp-content\/uploads\/2015\/12\/Logo_small.png","width":125,"height":99,"caption":"Cilaj Energi"},"image":{"@id":"https:\/\/cilaj-energi.dk\/#\/schema\/logo\/image\/"}}]}},"_links":{"self":[{"href":"https:\/\/cilaj-energi.dk\/de\/wp-json\/wp\/v2\/pages\/387","targetHints":{"allow":["GET"]}}],"collection":[{"href":"https:\/\/cilaj-energi.dk\/de\/wp-json\/wp\/v2\/pages"}],"about":[{"href":"https:\/\/cilaj-energi.dk\/de\/wp-json\/wp\/v2\/types\/page"}],"author":[{"embeddable":true,"href":"https:\/\/cilaj-energi.dk\/de\/wp-json\/wp\/v2\/users\/2"}],"replies":[{"embeddable":true,"href":"https:\/\/cilaj-energi.dk\/de\/wp-json\/wp\/v2\/comments?post=387"}],"version-history":[{"count":12,"href":"https:\/\/cilaj-energi.dk\/de\/wp-json\/wp\/v2\/pages\/387\/revisions"}],"predecessor-version":[{"id":695,"href":"https:\/\/cilaj-energi.dk\/de\/wp-json\/wp\/v2\/pages\/387\/revisions\/695"}],"wp:attachment":[{"href":"https:\/\/cilaj-energi.dk\/de\/wp-json\/wp\/v2\/media?parent=387"}],"curies":[{"name":"wp","href":"https:\/\/api.w.org\/{rel}","templated":true}]}}