{"id":348,"date":"2015-12-10T13:26:04","date_gmt":"2015-12-10T13:26:04","guid":{"rendered":"https:\/\/cilaj-energi.dk\/de\/kontakt\/"},"modified":"2022-08-01T07:12:02","modified_gmt":"2022-08-01T06:12:02","slug":"kontakt","status":"publish","type":"page","link":"https:\/\/cilaj-energi.dk\/de\/kontakt\/","title":{"rendered":"Kontakt"},"content":{"rendered":"<div  id=\"section-rafq0vot9u\" class=\"fullwidth-content ui--section clearfix section-rafq0vot9u\" style=\"margin-top: -30px;  margin-bottom: 0px;\"><div  class=\"ui--section-content\" style=\"padding-top: 0px;  padding-bottom: 0px;\"><div class=\"container\">\n\t\t\t<div class=\"gmap-wrapper ui--animation clearfix\" style=\"margin-top: 0px;  margin-bottom: 0px;  height: 350px;\">\n\t\t\t\t<div class=\"gmap-wrap-holder\" style=\"height: 350px;\"><\/div>\n\t\t\t\t<div id=\"gmap-Hwrb\" class=\"gmap clearfix\" style=\"height: 350px;\" data-gmap-options=\"{&quot;zoom&quot;:9,&quot;maptype&quot;:&quot;ROADMAP&quot;,&quot;doubleclickzoom&quot;:true,&quot;scrollwheel&quot;:false,&quot;address&quot;:&quot;&quot;,&quot;latitude&quot;:56.6203859,&quot;longitude&quot;:9.6830105,&quot;markers&quot;:[{&quot;html&quot;:&quot;&lt;p&gt;Cilaj Energi&lt;\\\/p&gt;\\n&quot;,&quot;address&quot;:&quot;&quot;,&quot;latitude&quot;:56.6203859,&quot;longitude&quot;:8.1830105,&quot;popup&quot;:true}],&quot;controls&quot;:{&quot;scrollwheel&quot;:false,&quot;pancontrol&quot;:true,&quot;zoomControl&quot;:true,&quot;mapTypeControl&quot;:true,&quot;scaleControl&quot;:true,&quot;streetViewControl&quot;:true,&quot;overviewMapControl&quot;:true},&quot;stylers&quot;:[]}\"><\/div>\n\t\t\t\t\n\t\t\t<\/div>\n\t\t\t<\/div><\/div><\/div><!-- \/.fullwidth-container --><div  class=\"ui--animation-in make--fx--appear ui--pass clearfix\" data-fx=\"fx--appear\" data-delay=\"150\" data-start-delay=\"0\"><h1 id=\"custom-title-h1-1\" class=\"ui--animation \" style=\"margin-top: 40px; \">Kontakt<\/h1><div class=\"auto-format ui--animation\"><p>Sie k\u00f6nnen sich jederzeit an CILAJ Energi wenden, um zum Beispiel mehr \u00fcber Bio-\u00d6l und seine vielen Vorz\u00fcge zu erfahren<br \/>\noder um sich in Energiefragen fachkundig beraten zu lassen.<br \/>\nWir freuen uns darauf, von Ihnen zu h\u00f6ren.<\/p>\n<\/div><div class=\"ui-row row\">\n <div   class=\"ui-column span6\"><div class=\"auto-format ui--animation\"><p><strong>Cilaj Energi<\/strong><br \/>\nS\u00f8ndergade 8<br \/>\n7673 Harbo\u00f8re<\/p>\n<p>Tel.: <a href=\"tel:004596908888\">+45  9690 8888<\/a><br \/>\nE-Mail:   <a href=\"mailto:info@cilaj-energi.dk\">info@cilaj-energi.dk<\/a><\/p>\n<p>CVR\/VAT-Nr.: DK 12243472<\/p>\n<\/div><h1 id=\"custom-title-h1-2\" class=\"ui--animation \" style=\"margin-top: 40px; \">Team<\/h1><\/div> \n\n <div   class=\"ui-column span6\"><div class=\"auto-format ui--animation\"><p><strong>Bankverbindung:<\/strong><br \/>\nDanske Bank<br \/>\nKonto-Nr.: 4665 4936418201<br \/>\nIBAN: DK8430004936418201<br \/>\nBIC (SWIFT): DABADKKK<\/p>\n<\/div><\/div> \n\n<\/div> \n<div class=\"ui-row row\">\n <div   class=\"ui-column span6\"><div  class=\"ui--tagline-box-wrapper ui--animation clearfix\"><div  id=\"tagline-1\" class=\"ui--tagline-box ui-row clearfix ui--tagline-box-custom-color no-radius\" data-responsive=\"{&quot;css&quot;:{&quot;min-height&quot;:{&quot;phone&quot;:&quot;auto&quot;,&quot;tablet&quot;:&quot;auto&quot;,&quot;widescreen&quot;:&quot;&quot;}}}\"><div  class=\"ui--tagline-background-container ui--tagline-background-overlay no-radius\"><\/div><div  class=\"ui--tagline-background-container ui--tagline-background-image no-radius\"><\/div><div  class=\"ui--tagline-content\"><div class=\"ui-row row\">\n <div   class=\"ui-column span8\"><div class=\"ui--image-wrap clearfix\" style=\"margin-bottom: 16px;  margin-right: 20px;\"><a href=\"https:\/\/cilaj-energi.dk\/wp-content\/uploads\/2019\/02\/Peter_2019.jpg\" data-rel=\"prettyPhoto\"><img loading=\"lazy\" decoding=\"async\" width=\"1200\" height=\"800\" src=\"https:\/\/cilaj-energi.dk\/wp-content\/uploads\/2019\/02\/Peter_2019.jpg\" class=\"ui--image ui--animation\" alt=\"Peter M\u00f8ller Nielsen\" title=\"Peter M\u00f8ller Nielsen\" id=\"ui--image-1\" srcset=\"https:\/\/cilaj-energi.dk\/wp-content\/uploads\/2019\/02\/Peter_2019.jpg 1200w, https:\/\/cilaj-energi.dk\/wp-content\/uploads\/2019\/02\/Peter_2019-300x200.jpg 300w, https:\/\/cilaj-energi.dk\/wp-content\/uploads\/2019\/02\/Peter_2019-768x512.jpg 768w, https:\/\/cilaj-energi.dk\/wp-content\/uploads\/2019\/02\/Peter_2019-1024x683.jpg 1024w\" sizes=\"auto, (max-width: 1200px) 100vw, 1200px\" \/><\/a><\/div><\/div> \n\n <div   class=\"ui-column span4\"><div  class=\"ui--icon-box position--left\"><div  class=\"ui--icon-box-content\"><div  class=\"ui--animation ui--icon-box-text text-left\" data-fx=\"fx--no-effect\"><h5>Peter M\u00f8ller Nielsen<\/h5>\n<p><em>Gesch\u00e4ftsf\u00fchrer<\/em><\/p>\n<p><a href=\"mailto:Peter@cilaj-energi.dk\">Peter@cilaj-energi.dk<\/a><\/p>\n<\/div><\/div><\/div><\/div> \n\n<\/div> \n<\/div><\/div><\/div><\/div> \n\n<\/div> \n<\/div>","protected":false},"excerpt":{"rendered":"<p>KontaktSie k\u00f6nnen sich jederzeit an CILAJ Energi wenden, um zum Beispiel mehr \u00fcber Bio-\u00d6l und seine vielen Vorz\u00fcge zu erfahren oder um sich in Energiefragen fachkundig beraten zu lassen. Wir freuen uns darauf, von Ihnen zu h\u00f6ren. Cilaj Energi S\u00f8ndergade 8 7673 Harbo\u00f8re Tel.: +45 9690 8888 E-Mail: info@cilaj-energi.dk CVR\/VAT-Nr.: DK 12243472 Team Bankverbindung: Danske [&hellip;]<\/p>\n","protected":false},"author":2,"featured_media":0,"parent":0,"menu_order":0,"comment_status":"closed","ping_status":"closed","template":"","meta":{"footnotes":""},"class_list":["post-348","page","type-page","status-publish","hentry"],"yoast_head":"<!-- This site is optimized with the Yoast SEO Premium plugin v27.3 (Yoast SEO v27.3) - https:\/\/yoast.com\/product\/yoast-seo-premium-wordpress\/ -->\n<title>Kontakt - Cilaj-Energi<\/title>\n<meta name=\"robots\" content=\"index, follow, max-snippet:-1, max-image-preview:large, max-video-preview:-1\" \/>\n<link rel=\"canonical\" href=\"https:\/\/cilaj-energi.dk\/de\/kontakt\/\" \/>\n<meta property=\"og:locale\" content=\"de_DE\" \/>\n<meta property=\"og:type\" content=\"article\" \/>\n<meta property=\"og:title\" content=\"Kontakt\" \/>\n<meta property=\"og:description\" content=\"KontaktSie k\u00f6nnen sich jederzeit an CILAJ Energi wenden, um zum Beispiel mehr \u00fcber Bio-\u00d6l und seine vielen Vorz\u00fcge zu erfahren oder um sich in Energiefragen fachkundig beraten zu lassen. Wir freuen uns darauf, von Ihnen zu h\u00f6ren. Cilaj Energi S\u00f8ndergade 8 7673 Harbo\u00f8re Tel.: +45 9690 8888 E-Mail: info@cilaj-energi.dk CVR\/VAT-Nr.: DK 12243472 Team Bankverbindung: Danske [&hellip;]\" \/>\n<meta property=\"og:url\" content=\"https:\/\/cilaj-energi.dk\/de\/kontakt\/\" \/>\n<meta property=\"og:site_name\" content=\"Cilaj-Energi\" \/>\n<meta property=\"article:modified_time\" content=\"2022-08-01T06:12:02+00:00\" \/>\n<meta name=\"twitter:card\" content=\"summary_large_image\" \/>\n<meta name=\"twitter:label1\" content=\"Gesch\u00e4tzte Lesezeit\" \/>\n\t<meta name=\"twitter:data1\" content=\"1\u00a0Minute\" \/>\n<script type=\"application\/ld+json\" class=\"yoast-schema-graph\">{\"@context\":\"https:\\\/\\\/schema.org\",\"@graph\":[{\"@type\":\"WebPage\",\"@id\":\"https:\\\/\\\/cilaj-energi.dk\\\/de\\\/kontakt\\\/\",\"url\":\"https:\\\/\\\/cilaj-energi.dk\\\/de\\\/kontakt\\\/\",\"name\":\"Kontakt - Cilaj-Energi\",\"isPartOf\":{\"@id\":\"https:\\\/\\\/cilaj-energi.dk\\\/#website\"},\"datePublished\":\"2015-12-10T13:26:04+00:00\",\"dateModified\":\"2022-08-01T06:12:02+00:00\",\"breadcrumb\":{\"@id\":\"https:\\\/\\\/cilaj-energi.dk\\\/de\\\/kontakt\\\/#breadcrumb\"},\"inLanguage\":\"de\",\"potentialAction\":[{\"@type\":\"ReadAction\",\"target\":[\"https:\\\/\\\/cilaj-energi.dk\\\/de\\\/kontakt\\\/\"]}]},{\"@type\":\"BreadcrumbList\",\"@id\":\"https:\\\/\\\/cilaj-energi.dk\\\/de\\\/kontakt\\\/#breadcrumb\",\"itemListElement\":[{\"@type\":\"ListItem\",\"position\":1,\"name\":\"Hjem\",\"item\":\"https:\\\/\\\/cilaj-energi.dk\\\/de\\\/\"},{\"@type\":\"ListItem\",\"position\":2,\"name\":\"Kontakt\"}]},{\"@type\":\"WebSite\",\"@id\":\"https:\\\/\\\/cilaj-energi.dk\\\/#website\",\"url\":\"https:\\\/\\\/cilaj-energi.dk\\\/\",\"name\":\"Cilaj-Energi\",\"description\":\"Bioenergi\",\"publisher\":{\"@id\":\"https:\\\/\\\/cilaj-energi.dk\\\/#organization\"},\"potentialAction\":[{\"@type\":\"SearchAction\",\"target\":{\"@type\":\"EntryPoint\",\"urlTemplate\":\"https:\\\/\\\/cilaj-energi.dk\\\/?s={search_term_string}\"},\"query-input\":{\"@type\":\"PropertyValueSpecification\",\"valueRequired\":true,\"valueName\":\"search_term_string\"}}],\"inLanguage\":\"de\"},{\"@type\":\"Organization\",\"@id\":\"https:\\\/\\\/cilaj-energi.dk\\\/#organization\",\"name\":\"Cilaj Energi\",\"url\":\"https:\\\/\\\/cilaj-energi.dk\\\/\",\"logo\":{\"@type\":\"ImageObject\",\"inLanguage\":\"de\",\"@id\":\"https:\\\/\\\/cilaj-energi.dk\\\/#\\\/schema\\\/logo\\\/image\\\/\",\"url\":\"https:\\\/\\\/cilaj-energi.dk\\\/wp-content\\\/uploads\\\/2015\\\/12\\\/Logo_small.png\",\"contentUrl\":\"https:\\\/\\\/cilaj-energi.dk\\\/wp-content\\\/uploads\\\/2015\\\/12\\\/Logo_small.png\",\"width\":125,\"height\":99,\"caption\":\"Cilaj Energi\"},\"image\":{\"@id\":\"https:\\\/\\\/cilaj-energi.dk\\\/#\\\/schema\\\/logo\\\/image\\\/\"}}]}<\/script>\n<!-- \/ Yoast SEO Premium plugin. -->","yoast_head_json":{"title":"Kontakt - Cilaj-Energi","robots":{"index":"index","follow":"follow","max-snippet":"max-snippet:-1","max-image-preview":"max-image-preview:large","max-video-preview":"max-video-preview:-1"},"canonical":"https:\/\/cilaj-energi.dk\/de\/kontakt\/","og_locale":"de_DE","og_type":"article","og_title":"Kontakt","og_description":"KontaktSie k\u00f6nnen sich jederzeit an CILAJ Energi wenden, um zum Beispiel mehr \u00fcber Bio-\u00d6l und seine vielen Vorz\u00fcge zu erfahren oder um sich in Energiefragen fachkundig beraten zu lassen. Wir freuen uns darauf, von Ihnen zu h\u00f6ren. Cilaj Energi S\u00f8ndergade 8 7673 Harbo\u00f8re Tel.: +45 9690 8888 E-Mail: info@cilaj-energi.dk CVR\/VAT-Nr.: DK 12243472 Team Bankverbindung: Danske [&hellip;]","og_url":"https:\/\/cilaj-energi.dk\/de\/kontakt\/","og_site_name":"Cilaj-Energi","article_modified_time":"2022-08-01T06:12:02+00:00","twitter_card":"summary_large_image","twitter_misc":{"Gesch\u00e4tzte Lesezeit":"1\u00a0Minute"},"schema":{"@context":"https:\/\/schema.org","@graph":[{"@type":"WebPage","@id":"https:\/\/cilaj-energi.dk\/de\/kontakt\/","url":"https:\/\/cilaj-energi.dk\/de\/kontakt\/","name":"Kontakt - Cilaj-Energi","isPartOf":{"@id":"https:\/\/cilaj-energi.dk\/#website"},"datePublished":"2015-12-10T13:26:04+00:00","dateModified":"2022-08-01T06:12:02+00:00","breadcrumb":{"@id":"https:\/\/cilaj-energi.dk\/de\/kontakt\/#breadcrumb"},"inLanguage":"de","potentialAction":[{"@type":"ReadAction","target":["https:\/\/cilaj-energi.dk\/de\/kontakt\/"]}]},{"@type":"BreadcrumbList","@id":"https:\/\/cilaj-energi.dk\/de\/kontakt\/#breadcrumb","itemListElement":[{"@type":"ListItem","position":1,"name":"Hjem","item":"https:\/\/cilaj-energi.dk\/de\/"},{"@type":"ListItem","position":2,"name":"Kontakt"}]},{"@type":"WebSite","@id":"https:\/\/cilaj-energi.dk\/#website","url":"https:\/\/cilaj-energi.dk\/","name":"Cilaj-Energi","description":"Bioenergi","publisher":{"@id":"https:\/\/cilaj-energi.dk\/#organization"},"potentialAction":[{"@type":"SearchAction","target":{"@type":"EntryPoint","urlTemplate":"https:\/\/cilaj-energi.dk\/?s={search_term_string}"},"query-input":{"@type":"PropertyValueSpecification","valueRequired":true,"valueName":"search_term_string"}}],"inLanguage":"de"},{"@type":"Organization","@id":"https:\/\/cilaj-energi.dk\/#organization","name":"Cilaj Energi","url":"https:\/\/cilaj-energi.dk\/","logo":{"@type":"ImageObject","inLanguage":"de","@id":"https:\/\/cilaj-energi.dk\/#\/schema\/logo\/image\/","url":"https:\/\/cilaj-energi.dk\/wp-content\/uploads\/2015\/12\/Logo_small.png","contentUrl":"https:\/\/cilaj-energi.dk\/wp-content\/uploads\/2015\/12\/Logo_small.png","width":125,"height":99,"caption":"Cilaj Energi"},"image":{"@id":"https:\/\/cilaj-energi.dk\/#\/schema\/logo\/image\/"}}]}},"_links":{"self":[{"href":"https:\/\/cilaj-energi.dk\/de\/wp-json\/wp\/v2\/pages\/348","targetHints":{"allow":["GET"]}}],"collection":[{"href":"https:\/\/cilaj-energi.dk\/de\/wp-json\/wp\/v2\/pages"}],"about":[{"href":"https:\/\/cilaj-energi.dk\/de\/wp-json\/wp\/v2\/types\/page"}],"author":[{"embeddable":true,"href":"https:\/\/cilaj-energi.dk\/de\/wp-json\/wp\/v2\/users\/2"}],"replies":[{"embeddable":true,"href":"https:\/\/cilaj-energi.dk\/de\/wp-json\/wp\/v2\/comments?post=348"}],"version-history":[{"count":8,"href":"https:\/\/cilaj-energi.dk\/de\/wp-json\/wp\/v2\/pages\/348\/revisions"}],"predecessor-version":[{"id":819,"href":"https:\/\/cilaj-energi.dk\/de\/wp-json\/wp\/v2\/pages\/348\/revisions\/819"}],"wp:attachment":[{"href":"https:\/\/cilaj-energi.dk\/de\/wp-json\/wp\/v2\/media?parent=348"}],"curies":[{"name":"wp","href":"https:\/\/api.w.org\/{rel}","templated":true}]}}