{"id":327,"date":"2015-12-10T13:27:25","date_gmt":"2015-12-10T13:27:25","guid":{"rendered":"https:\/\/cilaj-energi.dk\/de\/produkt-2\/"},"modified":"2018-09-20T12:23:14","modified_gmt":"2018-09-20T11:23:14","slug":"bio-heizoel","status":"publish","type":"page","link":"https:\/\/cilaj-energi.dk\/de\/bio-heizoel\/","title":{"rendered":"BIO Heiz\u00f6l"},"content":{"rendered":"<div  class=\"ui--animation-in make--fx--appear ui--pass clearfix\" data-fx=\"fx--appear\" data-delay=\"150\" data-start-delay=\"0\"><h1 id=\"custom-title-h1-1\" class=\"ui--animation \" style=\"\">BIO Heiz\u00f6l<\/h1><div class=\"ui-row row\">\n <div   class=\"ui-column span4\"><div class=\"auto-format ui--animation\"><p>CILAJs Bioheiz\u00f6l eignet sich besonders f\u00fcr kleine Kesselanlagen und erf\u00fcllt stets EU-Norm (DIN EN 14214).<\/p>\n<p>Das Bio-Heiz\u00f6l ist ein hervorragender CO2-neutraler Brennstoff, der fossile Heiz\u00f6le ersetzen kann.<\/p>\n<\/div><\/div> \n\n <div   class=\"ui-column span8\"><div  class=\"ui--tagline-box-wrapper ui--animation clearfix\"><div  id=\"tagline-1\" class=\"ui--tagline-box ui-row clearfix ui--tagline-box-custom-color no-radius\" data-responsive=\"{&quot;css&quot;:{&quot;min-height&quot;:{&quot;phone&quot;:&quot;auto&quot;,&quot;tablet&quot;:&quot;auto&quot;,&quot;widescreen&quot;:&quot;&quot;}}}\"><div  class=\"ui--tagline-background-container ui--tagline-background-overlay no-radius\"><\/div><div  class=\"ui--tagline-background-container ui--tagline-background-image no-radius\"><\/div><div  class=\"ui--tagline-content\"><div  class=\"ui--icon-box position--left\"><span class=\"ui--icon-box-icon ui--animation\" data-fx=\"fx--swing\"><i class=\"ui--icon icomoon-info-2 icon-inline-block\" style=\"font-size: 58px;  width: 62px;  height: 62px;  color: #9dc806 !important;\"><\/i><\/span><div  class=\"ui--icon-box-content\"><h2 class=\"ui--icon-box-title ui--animation text-left\" data-fx=\"fx--no-effect\"><span >Fakten:<\/span><\/h2><div  class=\"ui--animation ui--icon-box-text text-left\" data-fx=\"fx--no-effect\"><ul>\n<li>Bio-Heiz\u00f6l besteht ausschlie\u00dflich aus biologisch abbaubaren Stoffen.<\/li>\n<li>Hoher Brennwert<\/li>\n<li>Geringer Schwefelgehalt<\/li>\n<li>Billiger als fossiles Heiz\u00f6l<\/li>\n<li>Frostsicher bis -23\u00b0C<\/li>\n<li>Geeignet f\u00fcr kleinere Kesselanlagen (Haushalte)<\/li>\n<li>Lagerbar in Erd- und Au\u00dfen\u00f6ltanks<\/li>\n<li>Beim Einsatz von Bio-Heiz\u00f6l werden zwei CO2-Quoten freigegeben.<\/li>\n<\/ul>\n<\/div><\/div><\/div><\/div><\/div><\/div><\/div> \n\n<\/div> \n<\/div>","protected":false},"excerpt":{"rendered":"<p>BIO Heiz\u00f6l CILAJs Bioheiz\u00f6l eignet sich besonders f\u00fcr kleine Kesselanlagen und erf\u00fcllt stets EU-Norm (DIN EN 14214). Das Bio-Heiz\u00f6l ist ein hervorragender CO2-neutraler Brennstoff, der fossile Heiz\u00f6le ersetzen kann. Fakten: Bio-Heiz\u00f6l besteht ausschlie\u00dflich aus biologisch abbaubaren Stoffen. Hoher Brennwert Geringer Schwefelgehalt Billiger als fossiles Heiz\u00f6l Frostsicher bis -23\u00b0C Geeignet f\u00fcr kleinere Kesselanlagen (Haushalte) Lagerbar in [&hellip;]<\/p>\n","protected":false},"author":2,"featured_media":0,"parent":0,"menu_order":0,"comment_status":"closed","ping_status":"closed","template":"page-sidebar-right.php","meta":{"footnotes":""},"class_list":["post-327","page","type-page","status-publish","hentry"],"yoast_head":"<!-- This site is optimized with the Yoast SEO Premium plugin v27.3 (Yoast SEO v27.3) - https:\/\/yoast.com\/product\/yoast-seo-premium-wordpress\/ -->\n<title>BIO Heiz\u00f6l - Cilaj-Energi<\/title>\n<meta name=\"robots\" content=\"index, follow, max-snippet:-1, max-image-preview:large, max-video-preview:-1\" \/>\n<link rel=\"canonical\" href=\"https:\/\/cilaj-energi.dk\/de\/bio-heizoel\/\" \/>\n<meta property=\"og:locale\" content=\"de_DE\" \/>\n<meta property=\"og:type\" content=\"article\" \/>\n<meta property=\"og:title\" content=\"BIO Heiz\u00f6l\" \/>\n<meta property=\"og:description\" content=\"BIO Heiz\u00f6l CILAJs Bioheiz\u00f6l eignet sich besonders f\u00fcr kleine Kesselanlagen und erf\u00fcllt stets EU-Norm (DIN EN 14214). Das Bio-Heiz\u00f6l ist ein hervorragender CO2-neutraler Brennstoff, der fossile Heiz\u00f6le ersetzen kann. Fakten: Bio-Heiz\u00f6l besteht ausschlie\u00dflich aus biologisch abbaubaren Stoffen. Hoher Brennwert Geringer Schwefelgehalt Billiger als fossiles Heiz\u00f6l Frostsicher bis -23\u00b0C Geeignet f\u00fcr kleinere Kesselanlagen (Haushalte) Lagerbar in [&hellip;]\" \/>\n<meta property=\"og:url\" content=\"https:\/\/cilaj-energi.dk\/de\/bio-heizoel\/\" \/>\n<meta property=\"og:site_name\" content=\"Cilaj-Energi\" \/>\n<meta property=\"article:modified_time\" content=\"2018-09-20T11:23:14+00:00\" \/>\n<meta name=\"twitter:card\" content=\"summary_large_image\" \/>\n<script type=\"application\/ld+json\" class=\"yoast-schema-graph\">{\"@context\":\"https:\\\/\\\/schema.org\",\"@graph\":[{\"@type\":\"WebPage\",\"@id\":\"https:\\\/\\\/cilaj-energi.dk\\\/de\\\/bio-heizoel\\\/\",\"url\":\"https:\\\/\\\/cilaj-energi.dk\\\/de\\\/bio-heizoel\\\/\",\"name\":\"BIO Heiz\u00f6l - Cilaj-Energi\",\"isPartOf\":{\"@id\":\"https:\\\/\\\/cilaj-energi.dk\\\/#website\"},\"datePublished\":\"2015-12-10T13:27:25+00:00\",\"dateModified\":\"2018-09-20T11:23:14+00:00\",\"breadcrumb\":{\"@id\":\"https:\\\/\\\/cilaj-energi.dk\\\/de\\\/bio-heizoel\\\/#breadcrumb\"},\"inLanguage\":\"de\",\"potentialAction\":[{\"@type\":\"ReadAction\",\"target\":[\"https:\\\/\\\/cilaj-energi.dk\\\/de\\\/bio-heizoel\\\/\"]}]},{\"@type\":\"BreadcrumbList\",\"@id\":\"https:\\\/\\\/cilaj-energi.dk\\\/de\\\/bio-heizoel\\\/#breadcrumb\",\"itemListElement\":[{\"@type\":\"ListItem\",\"position\":1,\"name\":\"Hjem\",\"item\":\"https:\\\/\\\/cilaj-energi.dk\\\/de\\\/\"},{\"@type\":\"ListItem\",\"position\":2,\"name\":\"BIO Heiz\u00f6l\"}]},{\"@type\":\"WebSite\",\"@id\":\"https:\\\/\\\/cilaj-energi.dk\\\/#website\",\"url\":\"https:\\\/\\\/cilaj-energi.dk\\\/\",\"name\":\"Cilaj-Energi\",\"description\":\"Bioenergi\",\"publisher\":{\"@id\":\"https:\\\/\\\/cilaj-energi.dk\\\/#organization\"},\"potentialAction\":[{\"@type\":\"SearchAction\",\"target\":{\"@type\":\"EntryPoint\",\"urlTemplate\":\"https:\\\/\\\/cilaj-energi.dk\\\/?s={search_term_string}\"},\"query-input\":{\"@type\":\"PropertyValueSpecification\",\"valueRequired\":true,\"valueName\":\"search_term_string\"}}],\"inLanguage\":\"de\"},{\"@type\":\"Organization\",\"@id\":\"https:\\\/\\\/cilaj-energi.dk\\\/#organization\",\"name\":\"Cilaj Energi\",\"url\":\"https:\\\/\\\/cilaj-energi.dk\\\/\",\"logo\":{\"@type\":\"ImageObject\",\"inLanguage\":\"de\",\"@id\":\"https:\\\/\\\/cilaj-energi.dk\\\/#\\\/schema\\\/logo\\\/image\\\/\",\"url\":\"https:\\\/\\\/cilaj-energi.dk\\\/wp-content\\\/uploads\\\/2015\\\/12\\\/Logo_small.png\",\"contentUrl\":\"https:\\\/\\\/cilaj-energi.dk\\\/wp-content\\\/uploads\\\/2015\\\/12\\\/Logo_small.png\",\"width\":125,\"height\":99,\"caption\":\"Cilaj Energi\"},\"image\":{\"@id\":\"https:\\\/\\\/cilaj-energi.dk\\\/#\\\/schema\\\/logo\\\/image\\\/\"}}]}<\/script>\n<!-- \/ Yoast SEO Premium plugin. -->","yoast_head_json":{"title":"BIO Heiz\u00f6l - Cilaj-Energi","robots":{"index":"index","follow":"follow","max-snippet":"max-snippet:-1","max-image-preview":"max-image-preview:large","max-video-preview":"max-video-preview:-1"},"canonical":"https:\/\/cilaj-energi.dk\/de\/bio-heizoel\/","og_locale":"de_DE","og_type":"article","og_title":"BIO Heiz\u00f6l","og_description":"BIO Heiz\u00f6l CILAJs Bioheiz\u00f6l eignet sich besonders f\u00fcr kleine Kesselanlagen und erf\u00fcllt stets EU-Norm (DIN EN 14214). Das Bio-Heiz\u00f6l ist ein hervorragender CO2-neutraler Brennstoff, der fossile Heiz\u00f6le ersetzen kann. Fakten: Bio-Heiz\u00f6l besteht ausschlie\u00dflich aus biologisch abbaubaren Stoffen. Hoher Brennwert Geringer Schwefelgehalt Billiger als fossiles Heiz\u00f6l Frostsicher bis -23\u00b0C Geeignet f\u00fcr kleinere Kesselanlagen (Haushalte) Lagerbar in [&hellip;]","og_url":"https:\/\/cilaj-energi.dk\/de\/bio-heizoel\/","og_site_name":"Cilaj-Energi","article_modified_time":"2018-09-20T11:23:14+00:00","twitter_card":"summary_large_image","schema":{"@context":"https:\/\/schema.org","@graph":[{"@type":"WebPage","@id":"https:\/\/cilaj-energi.dk\/de\/bio-heizoel\/","url":"https:\/\/cilaj-energi.dk\/de\/bio-heizoel\/","name":"BIO Heiz\u00f6l - Cilaj-Energi","isPartOf":{"@id":"https:\/\/cilaj-energi.dk\/#website"},"datePublished":"2015-12-10T13:27:25+00:00","dateModified":"2018-09-20T11:23:14+00:00","breadcrumb":{"@id":"https:\/\/cilaj-energi.dk\/de\/bio-heizoel\/#breadcrumb"},"inLanguage":"de","potentialAction":[{"@type":"ReadAction","target":["https:\/\/cilaj-energi.dk\/de\/bio-heizoel\/"]}]},{"@type":"BreadcrumbList","@id":"https:\/\/cilaj-energi.dk\/de\/bio-heizoel\/#breadcrumb","itemListElement":[{"@type":"ListItem","position":1,"name":"Hjem","item":"https:\/\/cilaj-energi.dk\/de\/"},{"@type":"ListItem","position":2,"name":"BIO Heiz\u00f6l"}]},{"@type":"WebSite","@id":"https:\/\/cilaj-energi.dk\/#website","url":"https:\/\/cilaj-energi.dk\/","name":"Cilaj-Energi","description":"Bioenergi","publisher":{"@id":"https:\/\/cilaj-energi.dk\/#organization"},"potentialAction":[{"@type":"SearchAction","target":{"@type":"EntryPoint","urlTemplate":"https:\/\/cilaj-energi.dk\/?s={search_term_string}"},"query-input":{"@type":"PropertyValueSpecification","valueRequired":true,"valueName":"search_term_string"}}],"inLanguage":"de"},{"@type":"Organization","@id":"https:\/\/cilaj-energi.dk\/#organization","name":"Cilaj Energi","url":"https:\/\/cilaj-energi.dk\/","logo":{"@type":"ImageObject","inLanguage":"de","@id":"https:\/\/cilaj-energi.dk\/#\/schema\/logo\/image\/","url":"https:\/\/cilaj-energi.dk\/wp-content\/uploads\/2015\/12\/Logo_small.png","contentUrl":"https:\/\/cilaj-energi.dk\/wp-content\/uploads\/2015\/12\/Logo_small.png","width":125,"height":99,"caption":"Cilaj Energi"},"image":{"@id":"https:\/\/cilaj-energi.dk\/#\/schema\/logo\/image\/"}}]}},"_links":{"self":[{"href":"https:\/\/cilaj-energi.dk\/de\/wp-json\/wp\/v2\/pages\/327","targetHints":{"allow":["GET"]}}],"collection":[{"href":"https:\/\/cilaj-energi.dk\/de\/wp-json\/wp\/v2\/pages"}],"about":[{"href":"https:\/\/cilaj-energi.dk\/de\/wp-json\/wp\/v2\/types\/page"}],"author":[{"embeddable":true,"href":"https:\/\/cilaj-energi.dk\/de\/wp-json\/wp\/v2\/users\/2"}],"replies":[{"embeddable":true,"href":"https:\/\/cilaj-energi.dk\/de\/wp-json\/wp\/v2\/comments?post=327"}],"version-history":[{"count":2,"href":"https:\/\/cilaj-energi.dk\/de\/wp-json\/wp\/v2\/pages\/327\/revisions"}],"predecessor-version":[{"id":475,"href":"https:\/\/cilaj-energi.dk\/de\/wp-json\/wp\/v2\/pages\/327\/revisions\/475"}],"wp:attachment":[{"href":"https:\/\/cilaj-energi.dk\/de\/wp-json\/wp\/v2\/media?parent=327"}],"curies":[{"name":"wp","href":"https:\/\/api.w.org\/{rel}","templated":true}]}}